{"id":31077,"date":"2025-11-13T11:12:57","date_gmt":"2025-11-13T09:12:57","guid":{"rendered":"https:\/\/lokitar.ee\/toode\/flora-curl-baobab-marula-restorative-bonding-mask-tugevdav-taastav-mask-300ml\/"},"modified":"2025-11-13T14:19:15","modified_gmt":"2025-11-13T12:19:15","slug":"flora-curl-baobab-marula-restorative-bonding-mask-tugevdav-taastav-mask-300ml","status":"publish","type":"product","link":"https:\/\/lokitar.ee\/en\/product\/flora-curl-baobab-marula-restorative-bonding-mask-tugevdav-taastav-mask-300ml\/","title":{"rendered":"Flora &#038; Curl Baobab &#038; Marula Restorative Bonding Mask  300ml"},"content":{"rendered":"<p data-start=\"2977\" data-end=\"3051\"><strong>A clinically proven bond-building mask that makes curls up to 4\u00d7 stronger.<\/strong><\/p>\n<p data-start=\"3080\" data-end=\"3426\">This intensive bonding mask strengthens curls from within using FibreHance\u2122, a clinically proven active that rebuilds internal hair structure.<br data-start=\"3222\" data-end=\"3225\" \/>Infused with baobab and marula oils, it deeply nourishes brittle, damaged strands, enhancing elasticity and resilience.<br data-start=\"3344\" data-end=\"3347\" \/>With consistent use, curls become noticeably stronger, bouncier, and healthier.<\/p>\n<h3 data-start=\"3428\" data-end=\"3450\"><strong data-start=\"3432\" data-end=\"3448\">Key Benefits<\/strong><\/h3>\n<p data-start=\"3451\" data-end=\"3660\">\u2022 Makes curls up to 4\u00d7 more resistant to breakage<br data-start=\"3500\" data-end=\"3503\" \/>\u2022 Strengthens hair fiber from the inside out<br data-start=\"3547\" data-end=\"3550\" \/>\u2022 Improves elasticity and resilience<br data-start=\"3586\" data-end=\"3589\" \/>\u2022 Deeply nourishes dry, fragile curls<br data-start=\"3626\" data-end=\"3629\" \/>\u2022 Suitable for all curl types<\/p>\n<h3 data-start=\"3662\" data-end=\"3682\"><strong data-start=\"3666\" data-end=\"3680\">How to Use<\/strong><\/h3>\n<p data-start=\"3683\" data-end=\"3987\">After cleansing, squeeze out excess water. Apply the mask generously, focusing on the ends. Cover with a shower cap and leave for 10\u201315 minutes. Rinse thoroughly with warm water.<br data-start=\"3861\" data-end=\"3864\" \/>Use whenever your curls need extra repair and strength. For best results, follow with the <span style=\"color: #008000;\"><strong><a style=\"color: #008000;\" href=\"https:\/\/lokitar.ee\/en\/product\/flora-curl-baobab-marula-restorative-mist-tugevdav-juuksesprei-200ml\/\">Baobab &amp; Marula Restorative Mist<\/a><\/strong><\/span>.<\/p>\n","protected":false},"excerpt":{"rendered":"<p>A clinically proven bond-building mask that makes curls up to 4\u00d7 stronger. This intensive bonding mask strengthens curls from within using FibreHance\u2122, a clinically proven active that rebuilds internal hair structure.Infused with baobab and marula oils, it deeply nourishes brittle, damaged strands, enhancing elasticity and resilience.With consistent use, curls become noticeably stronger, bouncier, and healthier. [&#8230;]\n","protected":false},"author":2,"featured_media":31006,"comment_status":"open","ping_status":"closed","template":"","meta":{"cybocfi_hide_featured_image":""},"product_brand":[797,798],"product_cat":[199,175,803],"product_tag":[],"class_list":{"0":"post-31077","1":"product","2":"type-product","3":"status-publish","4":"has-post-thumbnail","6":"product_brand-floracurl","7":"product_brand-strengthen-me","8":"product_cat-floracurl-en","9":"product_cat-hair-masks","10":"product_cat-strengthen-me","12":"first","13":"outofstock","14":"taxable","15":"shipping-taxable","16":"purchasable","17":"product-type-simple"},"yoast_head":"<!-- This site is optimized with the Yoast SEO plugin v27.3 - https:\/\/yoast.com\/product\/yoast-seo-wordpress\/ -->\n<title>Flora &amp; Curl Baobab &amp; Marula bond-building mask \u2013 4\u00d7 tugevamad juuksed<\/title>\n<meta name=\"description\" content=\"Kliiniliselt t\u00f5estatud taastav mask, mis muudab juuksed kuni 4\u00d7 tugevamaks. Taastab juuksekiudu, v\u00e4hendab murdumist ja lisab elastsust. S\u00fcvahooldus lokkidele.\" \/>\n<meta name=\"robots\" content=\"index, follow, max-snippet:-1, max-image-preview:large, max-video-preview:-1\" \/>\n<link rel=\"canonical\" href=\"https:\/\/lokitar.ee\/en\/product\/flora-curl-baobab-marula-restorative-bonding-mask-tugevdav-taastav-mask-300ml\/\" \/>\n<meta property=\"og:locale\" content=\"en_US\" \/>\n<meta property=\"og:type\" content=\"article\" \/>\n<meta property=\"og:title\" content=\"Flora &amp; Curl Baobab &amp; Marula bond-building mask \u2013 4\u00d7 tugevamad juuksed\" \/>\n<meta property=\"og:description\" content=\"Kliiniliselt t\u00f5estatud taastav mask, mis muudab juuksed kuni 4\u00d7 tugevamaks. Taastab juuksekiudu, v\u00e4hendab murdumist ja lisab elastsust. S\u00fcvahooldus lokkidele.\" \/>\n<meta property=\"og:url\" content=\"https:\/\/lokitar.ee\/en\/product\/flora-curl-baobab-marula-restorative-bonding-mask-tugevdav-taastav-mask-300ml\/\" \/>\n<meta property=\"og:site_name\" content=\"Lokitar\" \/>\n<meta property=\"article:publisher\" content=\"https:\/\/www.facebook.com\/lokitar.ee\/\" \/>\n<meta property=\"article:modified_time\" content=\"2025-11-13T12:19:15+00:00\" \/>\n<meta property=\"og:image\" content=\"https:\/\/i0.wp.com\/lokitar.ee\/wp-content\/uploads\/2025\/11\/Floraandcurl-Sept25-7-scaled.png?fit=2560%2C2560&ssl=1\" \/>\n\t<meta property=\"og:image:width\" content=\"2560\" \/>\n\t<meta property=\"og:image:height\" content=\"2560\" \/>\n\t<meta property=\"og:image:type\" content=\"image\/png\" \/>\n<meta name=\"twitter:label1\" content=\"Est. reading time\" \/>\n\t<meta name=\"twitter:data1\" content=\"1 minute\" \/>\n<script type=\"application\/ld+json\" class=\"yoast-schema-graph\">{\"@context\":\"https:\\\/\\\/schema.org\",\"@graph\":[{\"@type\":\"WebPage\",\"@id\":\"https:\\\/\\\/lokitar.ee\\\/en\\\/product\\\/flora-curl-baobab-marula-restorative-bonding-mask-tugevdav-taastav-mask-300ml\\\/\",\"url\":\"https:\\\/\\\/lokitar.ee\\\/en\\\/product\\\/flora-curl-baobab-marula-restorative-bonding-mask-tugevdav-taastav-mask-300ml\\\/\",\"name\":\"Flora & Curl Baobab & Marula bond-building mask \u2013 4\u00d7 tugevamad juuksed\",\"isPartOf\":{\"@id\":\"https:\\\/\\\/lokitar.ee\\\/en\\\/#website\"},\"primaryImageOfPage\":{\"@id\":\"https:\\\/\\\/lokitar.ee\\\/en\\\/product\\\/flora-curl-baobab-marula-restorative-bonding-mask-tugevdav-taastav-mask-300ml\\\/#primaryimage\"},\"image\":{\"@id\":\"https:\\\/\\\/lokitar.ee\\\/en\\\/product\\\/flora-curl-baobab-marula-restorative-bonding-mask-tugevdav-taastav-mask-300ml\\\/#primaryimage\"},\"thumbnailUrl\":\"https:\\\/\\\/i0.wp.com\\\/lokitar.ee\\\/wp-content\\\/uploads\\\/2025\\\/11\\\/Floraandcurl-Sept25-7-scaled.png?fit=2560%2C2560&ssl=1\",\"datePublished\":\"2025-11-13T09:12:57+00:00\",\"dateModified\":\"2025-11-13T12:19:15+00:00\",\"description\":\"Kliiniliselt t\u00f5estatud taastav mask, mis muudab juuksed kuni 4\u00d7 tugevamaks. Taastab juuksekiudu, v\u00e4hendab murdumist ja lisab elastsust. S\u00fcvahooldus lokkidele.\",\"breadcrumb\":{\"@id\":\"https:\\\/\\\/lokitar.ee\\\/en\\\/product\\\/flora-curl-baobab-marula-restorative-bonding-mask-tugevdav-taastav-mask-300ml\\\/#breadcrumb\"},\"inLanguage\":\"en-US\",\"potentialAction\":[{\"@type\":\"ReadAction\",\"target\":[\"https:\\\/\\\/lokitar.ee\\\/en\\\/product\\\/flora-curl-baobab-marula-restorative-bonding-mask-tugevdav-taastav-mask-300ml\\\/\"]}]},{\"@type\":\"ImageObject\",\"inLanguage\":\"en-US\",\"@id\":\"https:\\\/\\\/lokitar.ee\\\/en\\\/product\\\/flora-curl-baobab-marula-restorative-bonding-mask-tugevdav-taastav-mask-300ml\\\/#primaryimage\",\"url\":\"https:\\\/\\\/i0.wp.com\\\/lokitar.ee\\\/wp-content\\\/uploads\\\/2025\\\/11\\\/Floraandcurl-Sept25-7-scaled.png?fit=2560%2C2560&ssl=1\",\"contentUrl\":\"https:\\\/\\\/i0.wp.com\\\/lokitar.ee\\\/wp-content\\\/uploads\\\/2025\\\/11\\\/Floraandcurl-Sept25-7-scaled.png?fit=2560%2C2560&ssl=1\",\"width\":2560,\"height\":2560},{\"@type\":\"BreadcrumbList\",\"@id\":\"https:\\\/\\\/lokitar.ee\\\/en\\\/product\\\/flora-curl-baobab-marula-restorative-bonding-mask-tugevdav-taastav-mask-300ml\\\/#breadcrumb\",\"itemListElement\":[{\"@type\":\"ListItem\",\"position\":1,\"name\":\"Home\",\"item\":\"https:\\\/\\\/lokitar.ee\\\/en\\\/\"},{\"@type\":\"ListItem\",\"position\":2,\"name\":\"Shop\",\"item\":\"https:\\\/\\\/lokitar.ee\\\/en\\\/shop-2\\\/\"},{\"@type\":\"ListItem\",\"position\":3,\"name\":\"BRANDS\",\"item\":\"https:\\\/\\\/lokitar.ee\\\/en\\\/product-category\\\/brands\\\/\"},{\"@type\":\"ListItem\",\"position\":4,\"name\":\"Flora&amp;Curl\",\"item\":\"https:\\\/\\\/lokitar.ee\\\/en\\\/product-category\\\/brands\\\/floracurl-en\\\/\"},{\"@type\":\"ListItem\",\"position\":5,\"name\":\"Flora &#038; Curl Baobab &#038; Marula Restorative Bonding Mask 300ml\"}]},{\"@type\":\"WebSite\",\"@id\":\"https:\\\/\\\/lokitar.ee\\\/en\\\/#website\",\"url\":\"https:\\\/\\\/lokitar.ee\\\/en\\\/\",\"name\":\"Lokitar\",\"description\":\"Armasta enda juukseid\",\"publisher\":{\"@id\":\"https:\\\/\\\/lokitar.ee\\\/en\\\/#organization\"},\"potentialAction\":[{\"@type\":\"SearchAction\",\"target\":{\"@type\":\"EntryPoint\",\"urlTemplate\":\"https:\\\/\\\/lokitar.ee\\\/en\\\/?s={search_term_string}\"},\"query-input\":{\"@type\":\"PropertyValueSpecification\",\"valueRequired\":true,\"valueName\":\"search_term_string\"}}],\"inLanguage\":\"en-US\"},{\"@type\":\"Organization\",\"@id\":\"https:\\\/\\\/lokitar.ee\\\/en\\\/#organization\",\"name\":\"Lokitar\",\"url\":\"https:\\\/\\\/lokitar.ee\\\/en\\\/\",\"logo\":{\"@type\":\"ImageObject\",\"inLanguage\":\"en-US\",\"@id\":\"https:\\\/\\\/lokitar.ee\\\/en\\\/#\\\/schema\\\/logo\\\/image\\\/\",\"url\":\"https:\\\/\\\/i0.wp.com\\\/lokitar.ee\\\/wp-content\\\/uploads\\\/2021\\\/09\\\/LokitarLogo350.png?fit=350%2C159&ssl=1\",\"contentUrl\":\"https:\\\/\\\/i0.wp.com\\\/lokitar.ee\\\/wp-content\\\/uploads\\\/2021\\\/09\\\/LokitarLogo350.png?fit=350%2C159&ssl=1\",\"width\":350,\"height\":159,\"caption\":\"Lokitar\"},\"image\":{\"@id\":\"https:\\\/\\\/lokitar.ee\\\/en\\\/#\\\/schema\\\/logo\\\/image\\\/\"},\"sameAs\":[\"https:\\\/\\\/www.facebook.com\\\/lokitar.ee\\\/\",\"https:\\\/\\\/www.instagram.com\\\/lokitar.ee\\\/\",\"https:\\\/\\\/www.youtube.com\\\/channel\\\/UCNPGxykKCPoqFQkzd33k5MQ\"]}]}<\/script>\n<!-- \/ Yoast SEO plugin. -->","yoast_head_json":{"title":"Flora & Curl Baobab & Marula bond-building mask \u2013 4\u00d7 tugevamad juuksed","description":"Kliiniliselt t\u00f5estatud taastav mask, mis muudab juuksed kuni 4\u00d7 tugevamaks. Taastab juuksekiudu, v\u00e4hendab murdumist ja lisab elastsust. S\u00fcvahooldus lokkidele.","robots":{"index":"index","follow":"follow","max-snippet":"max-snippet:-1","max-image-preview":"max-image-preview:large","max-video-preview":"max-video-preview:-1"},"canonical":"https:\/\/lokitar.ee\/en\/product\/flora-curl-baobab-marula-restorative-bonding-mask-tugevdav-taastav-mask-300ml\/","og_locale":"en_US","og_type":"article","og_title":"Flora & Curl Baobab & Marula bond-building mask \u2013 4\u00d7 tugevamad juuksed","og_description":"Kliiniliselt t\u00f5estatud taastav mask, mis muudab juuksed kuni 4\u00d7 tugevamaks. Taastab juuksekiudu, v\u00e4hendab murdumist ja lisab elastsust. S\u00fcvahooldus lokkidele.","og_url":"https:\/\/lokitar.ee\/en\/product\/flora-curl-baobab-marula-restorative-bonding-mask-tugevdav-taastav-mask-300ml\/","og_site_name":"Lokitar","article_publisher":"https:\/\/www.facebook.com\/lokitar.ee\/","article_modified_time":"2025-11-13T12:19:15+00:00","og_image":[{"width":2560,"height":2560,"url":"https:\/\/i0.wp.com\/lokitar.ee\/wp-content\/uploads\/2025\/11\/Floraandcurl-Sept25-7-scaled.png?fit=2560%2C2560&ssl=1","type":"image\/png"}],"twitter_misc":{"Est. reading time":"1 minute"},"schema":{"@context":"https:\/\/schema.org","@graph":[{"@type":"WebPage","@id":"https:\/\/lokitar.ee\/en\/product\/flora-curl-baobab-marula-restorative-bonding-mask-tugevdav-taastav-mask-300ml\/","url":"https:\/\/lokitar.ee\/en\/product\/flora-curl-baobab-marula-restorative-bonding-mask-tugevdav-taastav-mask-300ml\/","name":"Flora & Curl Baobab & Marula bond-building mask \u2013 4\u00d7 tugevamad juuksed","isPartOf":{"@id":"https:\/\/lokitar.ee\/en\/#website"},"primaryImageOfPage":{"@id":"https:\/\/lokitar.ee\/en\/product\/flora-curl-baobab-marula-restorative-bonding-mask-tugevdav-taastav-mask-300ml\/#primaryimage"},"image":{"@id":"https:\/\/lokitar.ee\/en\/product\/flora-curl-baobab-marula-restorative-bonding-mask-tugevdav-taastav-mask-300ml\/#primaryimage"},"thumbnailUrl":"https:\/\/i0.wp.com\/lokitar.ee\/wp-content\/uploads\/2025\/11\/Floraandcurl-Sept25-7-scaled.png?fit=2560%2C2560&ssl=1","datePublished":"2025-11-13T09:12:57+00:00","dateModified":"2025-11-13T12:19:15+00:00","description":"Kliiniliselt t\u00f5estatud taastav mask, mis muudab juuksed kuni 4\u00d7 tugevamaks. Taastab juuksekiudu, v\u00e4hendab murdumist ja lisab elastsust. S\u00fcvahooldus lokkidele.","breadcrumb":{"@id":"https:\/\/lokitar.ee\/en\/product\/flora-curl-baobab-marula-restorative-bonding-mask-tugevdav-taastav-mask-300ml\/#breadcrumb"},"inLanguage":"en-US","potentialAction":[{"@type":"ReadAction","target":["https:\/\/lokitar.ee\/en\/product\/flora-curl-baobab-marula-restorative-bonding-mask-tugevdav-taastav-mask-300ml\/"]}]},{"@type":"ImageObject","inLanguage":"en-US","@id":"https:\/\/lokitar.ee\/en\/product\/flora-curl-baobab-marula-restorative-bonding-mask-tugevdav-taastav-mask-300ml\/#primaryimage","url":"https:\/\/i0.wp.com\/lokitar.ee\/wp-content\/uploads\/2025\/11\/Floraandcurl-Sept25-7-scaled.png?fit=2560%2C2560&ssl=1","contentUrl":"https:\/\/i0.wp.com\/lokitar.ee\/wp-content\/uploads\/2025\/11\/Floraandcurl-Sept25-7-scaled.png?fit=2560%2C2560&ssl=1","width":2560,"height":2560},{"@type":"BreadcrumbList","@id":"https:\/\/lokitar.ee\/en\/product\/flora-curl-baobab-marula-restorative-bonding-mask-tugevdav-taastav-mask-300ml\/#breadcrumb","itemListElement":[{"@type":"ListItem","position":1,"name":"Home","item":"https:\/\/lokitar.ee\/en\/"},{"@type":"ListItem","position":2,"name":"Shop","item":"https:\/\/lokitar.ee\/en\/shop-2\/"},{"@type":"ListItem","position":3,"name":"BRANDS","item":"https:\/\/lokitar.ee\/en\/product-category\/brands\/"},{"@type":"ListItem","position":4,"name":"Flora&amp;Curl","item":"https:\/\/lokitar.ee\/en\/product-category\/brands\/floracurl-en\/"},{"@type":"ListItem","position":5,"name":"Flora &#038; Curl Baobab &#038; Marula Restorative Bonding Mask 300ml"}]},{"@type":"WebSite","@id":"https:\/\/lokitar.ee\/en\/#website","url":"https:\/\/lokitar.ee\/en\/","name":"Lokitar","description":"Armasta enda juukseid","publisher":{"@id":"https:\/\/lokitar.ee\/en\/#organization"},"potentialAction":[{"@type":"SearchAction","target":{"@type":"EntryPoint","urlTemplate":"https:\/\/lokitar.ee\/en\/?s={search_term_string}"},"query-input":{"@type":"PropertyValueSpecification","valueRequired":true,"valueName":"search_term_string"}}],"inLanguage":"en-US"},{"@type":"Organization","@id":"https:\/\/lokitar.ee\/en\/#organization","name":"Lokitar","url":"https:\/\/lokitar.ee\/en\/","logo":{"@type":"ImageObject","inLanguage":"en-US","@id":"https:\/\/lokitar.ee\/en\/#\/schema\/logo\/image\/","url":"https:\/\/i0.wp.com\/lokitar.ee\/wp-content\/uploads\/2021\/09\/LokitarLogo350.png?fit=350%2C159&ssl=1","contentUrl":"https:\/\/i0.wp.com\/lokitar.ee\/wp-content\/uploads\/2021\/09\/LokitarLogo350.png?fit=350%2C159&ssl=1","width":350,"height":159,"caption":"Lokitar"},"image":{"@id":"https:\/\/lokitar.ee\/en\/#\/schema\/logo\/image\/"},"sameAs":["https:\/\/www.facebook.com\/lokitar.ee\/","https:\/\/www.instagram.com\/lokitar.ee\/","https:\/\/www.youtube.com\/channel\/UCNPGxykKCPoqFQkzd33k5MQ"]}]}},"jetpack_sharing_enabled":true,"_links":{"self":[{"href":"https:\/\/lokitar.ee\/en\/wp-json\/wp\/v2\/product\/31077","targetHints":{"allow":["GET"]}}],"collection":[{"href":"https:\/\/lokitar.ee\/en\/wp-json\/wp\/v2\/product"}],"about":[{"href":"https:\/\/lokitar.ee\/en\/wp-json\/wp\/v2\/types\/product"}],"author":[{"embeddable":true,"href":"https:\/\/lokitar.ee\/en\/wp-json\/wp\/v2\/users\/2"}],"replies":[{"embeddable":true,"href":"https:\/\/lokitar.ee\/en\/wp-json\/wp\/v2\/comments?post=31077"}],"wp:featuredmedia":[{"embeddable":true,"href":"https:\/\/lokitar.ee\/en\/wp-json\/wp\/v2\/media\/31006"}],"wp:attachment":[{"href":"https:\/\/lokitar.ee\/en\/wp-json\/wp\/v2\/media?parent=31077"}],"wp:term":[{"taxonomy":"product_brand","embeddable":true,"href":"https:\/\/lokitar.ee\/en\/wp-json\/wp\/v2\/product_brand?post=31077"},{"taxonomy":"product_cat","embeddable":true,"href":"https:\/\/lokitar.ee\/en\/wp-json\/wp\/v2\/product_cat?post=31077"},{"taxonomy":"product_tag","embeddable":true,"href":"https:\/\/lokitar.ee\/en\/wp-json\/wp\/v2\/product_tag?post=31077"}],"curies":[{"name":"wp","href":"https:\/\/api.w.org\/{rel}","templated":true}]}}