{"id":31080,"date":"2025-11-13T11:22:31","date_gmt":"2025-11-13T09:22:31","guid":{"rendered":"https:\/\/lokitar.ee\/toode\/flora-curl-baobab-marula-restorative-mist-tugevdav-juuksesprei-200ml\/"},"modified":"2025-12-18T01:14:43","modified_gmt":"2025-12-17T23:14:43","slug":"flora-curl-baobab-marula-restorative-mist-tugevdav-juuksesprei-200ml","status":"publish","type":"product","link":"https:\/\/lokitar.ee\/en\/product\/flora-curl-baobab-marula-restorative-mist-tugevdav-juuksesprei-200ml\/","title":{"rendered":"Flora &#038; Curl Baobab &#038; Marula Restorative Mist 200ml"},"content":{"rendered":"<p data-start=\"4304\" data-end=\"4417\"><strong>A lightweight strengthening hair mist infused with aloe vera and botanical proteins to refresh and fortify curls.<\/strong><\/p>\n<p data-start=\"4446\" data-end=\"4749\">This strengthening leave-in mist revives weak curls between wash days.<br data-start=\"4516\" data-end=\"4519\" \/>Its lightweight, hydrating formula replenishes moisture, reinforces hair fiber, and enhances softness without weighing curls down.<br data-start=\"4649\" data-end=\"4652\" \/>Ideal for refreshing tired curls, reducing dryness, and maintaining strength throughout the week.<\/p>\n<h3 data-start=\"4751\" data-end=\"4773\"><strong data-start=\"4755\" data-end=\"4771\">Key Benefits<\/strong><\/h3>\n<p data-start=\"4774\" data-end=\"4982\">\u2022 Strengthens curls with lightweight hydration<br data-start=\"4820\" data-end=\"4823\" \/>\u2022 Reduces daily breakage and dryness<br data-start=\"4859\" data-end=\"4862\" \/>\u2022 Refreshes curls between wash days<br data-start=\"4897\" data-end=\"4900\" \/>\u2022 Protects against environmental stress and friction<br data-start=\"4952\" data-end=\"4955\" \/>\u2022 Works on all curl types<\/p>\n<h3 data-start=\"4984\" data-end=\"5004\"><strong data-start=\"4988\" data-end=\"5002\">How to Use<\/strong><\/h3>\n<p data-start=\"5005\" data-end=\"5195\">Shake well. Spritz evenly onto wet, damp, or dry hair. Detangle with fingers or a comb.<br data-start=\"5092\" data-end=\"5095\" \/>Let air-dry or use a diffuser on low heat. Use throughout the week whenever your curls need a boost.<\/p>\n","protected":false},"excerpt":{"rendered":"<p>A lightweight strengthening hair mist infused with aloe vera and botanical proteins to refresh and fortify curls. This strengthening leave-in mist revives weak curls between wash days.Its lightweight, hydrating formula replenishes moisture, reinforces hair fiber, and enhances softness without weighing curls down.Ideal for refreshing tired curls, reducing dryness, and maintaining strength throughout the week. Key [&#8230;]\n","protected":false},"author":2,"featured_media":31019,"comment_status":"open","ping_status":"closed","template":"","meta":{"cybocfi_hide_featured_image":""},"product_brand":[797,798],"product_cat":[199,461,803],"product_tag":[],"class_list":{"0":"post-31080","1":"product","2":"type-product","3":"status-publish","4":"has-post-thumbnail","6":"product_brand-floracurl","7":"product_brand-strengthen-me","8":"product_cat-floracurl-en","9":"product_cat-hair-sprey","10":"product_cat-strengthen-me","12":"first","13":"outofstock","14":"taxable","15":"shipping-taxable","16":"purchasable","17":"product-type-simple"},"yoast_head":"<!-- This site is optimized with the Yoast SEO plugin v27.5 - https:\/\/yoast.com\/product\/yoast-seo-wordpress\/ -->\n<title>Flora &amp; Curl Baobab &amp; Marula juuksemist lokkidele \u2013 tugevdamine &amp; v\u00e4rskendus<\/title>\n<meta name=\"description\" content=\"Kerge leave-in juuksemist, mis turgutab n\u00f5rku lokke pesukordade vahel. Niisutab, v\u00e4hendab murdumist ja taastab elastsust. Sobib k\u00f5igile lokit\u00fc\u00fcpidele.\" \/>\n<meta name=\"robots\" content=\"index, follow, max-snippet:-1, max-image-preview:large, max-video-preview:-1\" \/>\n<link rel=\"canonical\" href=\"https:\/\/lokitar.ee\/en\/product\/flora-curl-baobab-marula-restorative-mist-tugevdav-juuksesprei-200ml\/\" \/>\n<meta property=\"og:locale\" content=\"en_US\" \/>\n<meta property=\"og:type\" content=\"article\" \/>\n<meta property=\"og:title\" content=\"Flora &amp; Curl Baobab &amp; Marula juuksemist lokkidele \u2013 tugevdamine &amp; v\u00e4rskendus\" \/>\n<meta property=\"og:description\" content=\"Kerge leave-in juuksemist, mis turgutab n\u00f5rku lokke pesukordade vahel. Niisutab, v\u00e4hendab murdumist ja taastab elastsust. Sobib k\u00f5igile lokit\u00fc\u00fcpidele.\" \/>\n<meta property=\"og:url\" content=\"https:\/\/lokitar.ee\/en\/product\/flora-curl-baobab-marula-restorative-mist-tugevdav-juuksesprei-200ml\/\" \/>\n<meta property=\"og:site_name\" content=\"Lokitar\" \/>\n<meta property=\"article:publisher\" content=\"https:\/\/www.facebook.com\/lokitar.ee\/\" \/>\n<meta property=\"article:modified_time\" content=\"2025-12-17T23:14:43+00:00\" \/>\n<meta property=\"og:image\" content=\"https:\/\/i0.wp.com\/lokitar.ee\/wp-content\/uploads\/2025\/11\/Floraandcurl-Sept25-5-1-scaled.png?fit=2560%2C2560&ssl=1\" \/>\n\t<meta property=\"og:image:width\" content=\"2560\" \/>\n\t<meta property=\"og:image:height\" content=\"2560\" \/>\n\t<meta property=\"og:image:type\" content=\"image\/png\" \/>\n<meta name=\"twitter:label1\" content=\"Est. reading time\" \/>\n\t<meta name=\"twitter:data1\" content=\"1 minute\" \/>\n<script type=\"application\/ld+json\" class=\"yoast-schema-graph\">{\"@context\":\"https:\\\/\\\/schema.org\",\"@graph\":[{\"@type\":\"WebPage\",\"@id\":\"https:\\\/\\\/lokitar.ee\\\/en\\\/product\\\/flora-curl-baobab-marula-restorative-mist-tugevdav-juuksesprei-200ml\\\/\",\"url\":\"https:\\\/\\\/lokitar.ee\\\/en\\\/product\\\/flora-curl-baobab-marula-restorative-mist-tugevdav-juuksesprei-200ml\\\/\",\"name\":\"Flora & Curl Baobab & Marula juuksemist lokkidele \u2013 tugevdamine & v\u00e4rskendus\",\"isPartOf\":{\"@id\":\"https:\\\/\\\/lokitar.ee\\\/en\\\/#website\"},\"primaryImageOfPage\":{\"@id\":\"https:\\\/\\\/lokitar.ee\\\/en\\\/product\\\/flora-curl-baobab-marula-restorative-mist-tugevdav-juuksesprei-200ml\\\/#primaryimage\"},\"image\":{\"@id\":\"https:\\\/\\\/lokitar.ee\\\/en\\\/product\\\/flora-curl-baobab-marula-restorative-mist-tugevdav-juuksesprei-200ml\\\/#primaryimage\"},\"thumbnailUrl\":\"https:\\\/\\\/i0.wp.com\\\/lokitar.ee\\\/wp-content\\\/uploads\\\/2025\\\/11\\\/Floraandcurl-Sept25-5-1-scaled.png?fit=2560%2C2560&ssl=1\",\"datePublished\":\"2025-11-13T09:22:31+00:00\",\"dateModified\":\"2025-12-17T23:14:43+00:00\",\"description\":\"Kerge leave-in juuksemist, mis turgutab n\u00f5rku lokke pesukordade vahel. Niisutab, v\u00e4hendab murdumist ja taastab elastsust. Sobib k\u00f5igile lokit\u00fc\u00fcpidele.\",\"breadcrumb\":{\"@id\":\"https:\\\/\\\/lokitar.ee\\\/en\\\/product\\\/flora-curl-baobab-marula-restorative-mist-tugevdav-juuksesprei-200ml\\\/#breadcrumb\"},\"inLanguage\":\"en-US\",\"potentialAction\":[{\"@type\":\"ReadAction\",\"target\":[\"https:\\\/\\\/lokitar.ee\\\/en\\\/product\\\/flora-curl-baobab-marula-restorative-mist-tugevdav-juuksesprei-200ml\\\/\"]}]},{\"@type\":\"ImageObject\",\"inLanguage\":\"en-US\",\"@id\":\"https:\\\/\\\/lokitar.ee\\\/en\\\/product\\\/flora-curl-baobab-marula-restorative-mist-tugevdav-juuksesprei-200ml\\\/#primaryimage\",\"url\":\"https:\\\/\\\/i0.wp.com\\\/lokitar.ee\\\/wp-content\\\/uploads\\\/2025\\\/11\\\/Floraandcurl-Sept25-5-1-scaled.png?fit=2560%2C2560&ssl=1\",\"contentUrl\":\"https:\\\/\\\/i0.wp.com\\\/lokitar.ee\\\/wp-content\\\/uploads\\\/2025\\\/11\\\/Floraandcurl-Sept25-5-1-scaled.png?fit=2560%2C2560&ssl=1\",\"width\":2560,\"height\":2560},{\"@type\":\"BreadcrumbList\",\"@id\":\"https:\\\/\\\/lokitar.ee\\\/en\\\/product\\\/flora-curl-baobab-marula-restorative-mist-tugevdav-juuksesprei-200ml\\\/#breadcrumb\",\"itemListElement\":[{\"@type\":\"ListItem\",\"position\":1,\"name\":\"Home\",\"item\":\"https:\\\/\\\/lokitar.ee\\\/en\\\/\"},{\"@type\":\"ListItem\",\"position\":2,\"name\":\"Shop\",\"item\":\"https:\\\/\\\/lokitar.ee\\\/en\\\/shop-2\\\/\"},{\"@type\":\"ListItem\",\"position\":3,\"name\":\"BRANDS\",\"item\":\"https:\\\/\\\/lokitar.ee\\\/en\\\/product-category\\\/brands\\\/\"},{\"@type\":\"ListItem\",\"position\":4,\"name\":\"Flora&amp;Curl\",\"item\":\"https:\\\/\\\/lokitar.ee\\\/en\\\/product-category\\\/brands\\\/floracurl-en\\\/\"},{\"@type\":\"ListItem\",\"position\":5,\"name\":\"Flora &#038; Curl Baobab &#038; Marula Restorative Mist 200ml\"}]},{\"@type\":\"WebSite\",\"@id\":\"https:\\\/\\\/lokitar.ee\\\/en\\\/#website\",\"url\":\"https:\\\/\\\/lokitar.ee\\\/en\\\/\",\"name\":\"Lokitar\",\"description\":\"Armasta enda juukseid\",\"publisher\":{\"@id\":\"https:\\\/\\\/lokitar.ee\\\/en\\\/#organization\"},\"potentialAction\":[{\"@type\":\"SearchAction\",\"target\":{\"@type\":\"EntryPoint\",\"urlTemplate\":\"https:\\\/\\\/lokitar.ee\\\/en\\\/?s={search_term_string}\"},\"query-input\":{\"@type\":\"PropertyValueSpecification\",\"valueRequired\":true,\"valueName\":\"search_term_string\"}}],\"inLanguage\":\"en-US\"},{\"@type\":\"Organization\",\"@id\":\"https:\\\/\\\/lokitar.ee\\\/en\\\/#organization\",\"name\":\"Lokitar\",\"url\":\"https:\\\/\\\/lokitar.ee\\\/en\\\/\",\"logo\":{\"@type\":\"ImageObject\",\"inLanguage\":\"en-US\",\"@id\":\"https:\\\/\\\/lokitar.ee\\\/en\\\/#\\\/schema\\\/logo\\\/image\\\/\",\"url\":\"https:\\\/\\\/i0.wp.com\\\/lokitar.ee\\\/wp-content\\\/uploads\\\/2021\\\/09\\\/LokitarLogo350.png?fit=350%2C159&ssl=1\",\"contentUrl\":\"https:\\\/\\\/i0.wp.com\\\/lokitar.ee\\\/wp-content\\\/uploads\\\/2021\\\/09\\\/LokitarLogo350.png?fit=350%2C159&ssl=1\",\"width\":350,\"height\":159,\"caption\":\"Lokitar\"},\"image\":{\"@id\":\"https:\\\/\\\/lokitar.ee\\\/en\\\/#\\\/schema\\\/logo\\\/image\\\/\"},\"sameAs\":[\"https:\\\/\\\/www.facebook.com\\\/lokitar.ee\\\/\",\"https:\\\/\\\/www.instagram.com\\\/lokitar.ee\\\/\",\"https:\\\/\\\/www.youtube.com\\\/channel\\\/UCNPGxykKCPoqFQkzd33k5MQ\"]}]}<\/script>\n<!-- \/ Yoast SEO plugin. -->","yoast_head_json":{"title":"Flora & Curl Baobab & Marula juuksemist lokkidele \u2013 tugevdamine & v\u00e4rskendus","description":"Kerge leave-in juuksemist, mis turgutab n\u00f5rku lokke pesukordade vahel. Niisutab, v\u00e4hendab murdumist ja taastab elastsust. Sobib k\u00f5igile lokit\u00fc\u00fcpidele.","robots":{"index":"index","follow":"follow","max-snippet":"max-snippet:-1","max-image-preview":"max-image-preview:large","max-video-preview":"max-video-preview:-1"},"canonical":"https:\/\/lokitar.ee\/en\/product\/flora-curl-baobab-marula-restorative-mist-tugevdav-juuksesprei-200ml\/","og_locale":"en_US","og_type":"article","og_title":"Flora & Curl Baobab & Marula juuksemist lokkidele \u2013 tugevdamine & v\u00e4rskendus","og_description":"Kerge leave-in juuksemist, mis turgutab n\u00f5rku lokke pesukordade vahel. Niisutab, v\u00e4hendab murdumist ja taastab elastsust. Sobib k\u00f5igile lokit\u00fc\u00fcpidele.","og_url":"https:\/\/lokitar.ee\/en\/product\/flora-curl-baobab-marula-restorative-mist-tugevdav-juuksesprei-200ml\/","og_site_name":"Lokitar","article_publisher":"https:\/\/www.facebook.com\/lokitar.ee\/","article_modified_time":"2025-12-17T23:14:43+00:00","og_image":[{"width":2560,"height":2560,"url":"https:\/\/i0.wp.com\/lokitar.ee\/wp-content\/uploads\/2025\/11\/Floraandcurl-Sept25-5-1-scaled.png?fit=2560%2C2560&ssl=1","type":"image\/png"}],"twitter_misc":{"Est. reading time":"1 minute"},"schema":{"@context":"https:\/\/schema.org","@graph":[{"@type":"WebPage","@id":"https:\/\/lokitar.ee\/en\/product\/flora-curl-baobab-marula-restorative-mist-tugevdav-juuksesprei-200ml\/","url":"https:\/\/lokitar.ee\/en\/product\/flora-curl-baobab-marula-restorative-mist-tugevdav-juuksesprei-200ml\/","name":"Flora & Curl Baobab & Marula juuksemist lokkidele \u2013 tugevdamine & v\u00e4rskendus","isPartOf":{"@id":"https:\/\/lokitar.ee\/en\/#website"},"primaryImageOfPage":{"@id":"https:\/\/lokitar.ee\/en\/product\/flora-curl-baobab-marula-restorative-mist-tugevdav-juuksesprei-200ml\/#primaryimage"},"image":{"@id":"https:\/\/lokitar.ee\/en\/product\/flora-curl-baobab-marula-restorative-mist-tugevdav-juuksesprei-200ml\/#primaryimage"},"thumbnailUrl":"https:\/\/i0.wp.com\/lokitar.ee\/wp-content\/uploads\/2025\/11\/Floraandcurl-Sept25-5-1-scaled.png?fit=2560%2C2560&ssl=1","datePublished":"2025-11-13T09:22:31+00:00","dateModified":"2025-12-17T23:14:43+00:00","description":"Kerge leave-in juuksemist, mis turgutab n\u00f5rku lokke pesukordade vahel. Niisutab, v\u00e4hendab murdumist ja taastab elastsust. Sobib k\u00f5igile lokit\u00fc\u00fcpidele.","breadcrumb":{"@id":"https:\/\/lokitar.ee\/en\/product\/flora-curl-baobab-marula-restorative-mist-tugevdav-juuksesprei-200ml\/#breadcrumb"},"inLanguage":"en-US","potentialAction":[{"@type":"ReadAction","target":["https:\/\/lokitar.ee\/en\/product\/flora-curl-baobab-marula-restorative-mist-tugevdav-juuksesprei-200ml\/"]}]},{"@type":"ImageObject","inLanguage":"en-US","@id":"https:\/\/lokitar.ee\/en\/product\/flora-curl-baobab-marula-restorative-mist-tugevdav-juuksesprei-200ml\/#primaryimage","url":"https:\/\/i0.wp.com\/lokitar.ee\/wp-content\/uploads\/2025\/11\/Floraandcurl-Sept25-5-1-scaled.png?fit=2560%2C2560&ssl=1","contentUrl":"https:\/\/i0.wp.com\/lokitar.ee\/wp-content\/uploads\/2025\/11\/Floraandcurl-Sept25-5-1-scaled.png?fit=2560%2C2560&ssl=1","width":2560,"height":2560},{"@type":"BreadcrumbList","@id":"https:\/\/lokitar.ee\/en\/product\/flora-curl-baobab-marula-restorative-mist-tugevdav-juuksesprei-200ml\/#breadcrumb","itemListElement":[{"@type":"ListItem","position":1,"name":"Home","item":"https:\/\/lokitar.ee\/en\/"},{"@type":"ListItem","position":2,"name":"Shop","item":"https:\/\/lokitar.ee\/en\/shop-2\/"},{"@type":"ListItem","position":3,"name":"BRANDS","item":"https:\/\/lokitar.ee\/en\/product-category\/brands\/"},{"@type":"ListItem","position":4,"name":"Flora&amp;Curl","item":"https:\/\/lokitar.ee\/en\/product-category\/brands\/floracurl-en\/"},{"@type":"ListItem","position":5,"name":"Flora &#038; Curl Baobab &#038; Marula Restorative Mist 200ml"}]},{"@type":"WebSite","@id":"https:\/\/lokitar.ee\/en\/#website","url":"https:\/\/lokitar.ee\/en\/","name":"Lokitar","description":"Armasta enda juukseid","publisher":{"@id":"https:\/\/lokitar.ee\/en\/#organization"},"potentialAction":[{"@type":"SearchAction","target":{"@type":"EntryPoint","urlTemplate":"https:\/\/lokitar.ee\/en\/?s={search_term_string}"},"query-input":{"@type":"PropertyValueSpecification","valueRequired":true,"valueName":"search_term_string"}}],"inLanguage":"en-US"},{"@type":"Organization","@id":"https:\/\/lokitar.ee\/en\/#organization","name":"Lokitar","url":"https:\/\/lokitar.ee\/en\/","logo":{"@type":"ImageObject","inLanguage":"en-US","@id":"https:\/\/lokitar.ee\/en\/#\/schema\/logo\/image\/","url":"https:\/\/i0.wp.com\/lokitar.ee\/wp-content\/uploads\/2021\/09\/LokitarLogo350.png?fit=350%2C159&ssl=1","contentUrl":"https:\/\/i0.wp.com\/lokitar.ee\/wp-content\/uploads\/2021\/09\/LokitarLogo350.png?fit=350%2C159&ssl=1","width":350,"height":159,"caption":"Lokitar"},"image":{"@id":"https:\/\/lokitar.ee\/en\/#\/schema\/logo\/image\/"},"sameAs":["https:\/\/www.facebook.com\/lokitar.ee\/","https:\/\/www.instagram.com\/lokitar.ee\/","https:\/\/www.youtube.com\/channel\/UCNPGxykKCPoqFQkzd33k5MQ"]}]}},"jetpack_sharing_enabled":true,"_links":{"self":[{"href":"https:\/\/lokitar.ee\/en\/wp-json\/wp\/v2\/product\/31080","targetHints":{"allow":["GET"]}}],"collection":[{"href":"https:\/\/lokitar.ee\/en\/wp-json\/wp\/v2\/product"}],"about":[{"href":"https:\/\/lokitar.ee\/en\/wp-json\/wp\/v2\/types\/product"}],"author":[{"embeddable":true,"href":"https:\/\/lokitar.ee\/en\/wp-json\/wp\/v2\/users\/2"}],"replies":[{"embeddable":true,"href":"https:\/\/lokitar.ee\/en\/wp-json\/wp\/v2\/comments?post=31080"}],"wp:featuredmedia":[{"embeddable":true,"href":"https:\/\/lokitar.ee\/en\/wp-json\/wp\/v2\/media\/31019"}],"wp:attachment":[{"href":"https:\/\/lokitar.ee\/en\/wp-json\/wp\/v2\/media?parent=31080"}],"wp:term":[{"taxonomy":"product_brand","embeddable":true,"href":"https:\/\/lokitar.ee\/en\/wp-json\/wp\/v2\/product_brand?post=31080"},{"taxonomy":"product_cat","embeddable":true,"href":"https:\/\/lokitar.ee\/en\/wp-json\/wp\/v2\/product_cat?post=31080"},{"taxonomy":"product_tag","embeddable":true,"href":"https:\/\/lokitar.ee\/en\/wp-json\/wp\/v2\/product_tag?post=31080"}],"curies":[{"name":"wp","href":"https:\/\/api.w.org\/{rel}","templated":true}]}}