{"id":31042,"date":"2024-07-10T17:10:13","date_gmt":"2024-07-10T14:10:13","guid":{"rendered":"https:\/\/lokitar.ee\/toode\/volume-edgelift-brush-mahtu-lisava-aarega-soenguhari\/"},"modified":"2026-03-27T10:27:42","modified_gmt":"2026-03-27T08:27:42","slug":"volume-edgelift-brush-mahtu-lisava-aarega-soenguhari","status":"publish","type":"product","link":"https:\/\/lokitar.ee\/lv\/product\/volume-edgelift-brush-mahtu-lisava-aarega-soenguhari\/","title":{"rendered":"Volume EdgeLift Brush &#8211; kohevust lisava \u00e4\u00e4rega soenguhari"},"content":{"rendered":"<p>Otsid ideaalset soenguharja? <strong>Bounce Curl Volume EdgeLift Brush<\/strong> tihedate vegan harjaste ning vol\u00fc\u00fcmi lisava \u00e4\u00e4rega soenguhari aitab sul luua kohevaid ja defineeritud lokke, v\u00e4hendades samal ajal juuste murdumist ja kahu.<\/p>\n<h2><strong>Soenguharja kitsamad \u00e4\u00e4rised &#8211; rohkem kohevust!<\/strong><\/h2>\n<p>K\u00f5ik loomulike lokkide omanikud teavad, et ilusate ja vetruvate lokkide saavutamine n\u00f5uab hoolt ja vaeva! ja aega! Bounce Curl leiutas spetsiaalse soenguharja, mis aitab seda aega kokku hoida ja lisaks teeb ka lokkidele head! Esimesena toodi turule maailmas mitmekordselt l\u00e4bi m\u00fc\u00fcdud patenteeritud <strong><a href=\"https:\/\/lokitar.ee\/toode\/define-styling-brush-lokke-esile-toov-juuksehari\/\" target=\"_blank\" rel=\"noopener\">Bounce Curl Define EdgeLift Brush \u2013 lokke esile toov juuksehari.\u00a0<\/a><\/strong><\/p>\n<p>Seej\u00e4rel aga m\u00e4rgati, et \u00f5hematele ja peenekarvalisematele lokkidele oleks vaja natuke teistsugust l\u00e4henemist ning loodi k\u00fcljel tihedamate sakkidega <strong>Bounce Curli Volume EdgeLift Brush.\u00a0<\/strong><\/p>\n<p>Uuel harjal on k\u00f5ik Define EdgeLift Brush soenguharja head omadused, kuid keskendub eelk\u00f5ige lisaks lokkide defineerimisele ka neile kohevuse ja vol\u00fc\u00fcmi andmisele.\u00a0 Soenguharu sobib k\u00f5igile juuksetekstuuridele ja lokimustritele, andes siledad, eraldatud ja vol\u00fc\u00fcmikad lokid.<\/p>\n<p>Tihedad painduvad \u00fcmara otsaga harjased on juustele hellad ja libisevad sujuvalt l\u00e4bi lokkide, v\u00e4hendades nende murdumist. Enam pole vaja t\u00fc\u00fctut s\u00f5rmedega lokitamist v\u00f5i aegan\u00f5udvat lokkide viimistlemist &#8211; Volume EdgeLift Brush teeb kogu t\u00f6\u00f6 sinu eest, v\u00e4hendades tunduvalt juuste viimistlemiseks kuluvat aega, et sina saaksid nautida oma lokke t\u00e4iel rinnal.<\/p>\n<h2><strong>Miks valida Volume EdgeLift Brush soenguhari?<\/strong><\/h2>\n<ul>\n<li><strong>Kitsama disainiga lokke defineeriv k\u00fclje\u00e4\u00e4ris:<\/strong> Unikaalne, tihedamate sakkidega k\u00fclje\u00e4\u00e4ris aitab luua defineeritud ja eraldatud lokid ning tihedamad lokisalgud, andes juustele visuaalselt juurde kohevust ja vol\u00fc\u00fcmi.<\/li>\n<li><strong>Tihedad vegan harjased ja painduvad \u00fcmara otsaga harjased:<\/strong> Selline harjaste duo on juustele \u00f5rn ja v\u00e4hendab kahjustuste tekkimist, andes sileda, l\u00e4ikiva ja kahuvaba viimistluse. Spetsiaalsed harjased lihtsustavad lokkide eraldamist ja soengusse s\u00e4ttimist, lisades samal ajal mahtu ja vol\u00fc\u00fcmi.<\/li>\n<li><strong>Mitmek\u00fclgne 5-\u00fches hari<\/strong>: Harja otsas olev sakiline \u00e4\u00e4r aitab m\u00e4\u00e4ratleda l\u00fchemaid lokisalke nt n\u00e4o \u00e4\u00e4res v\u00f5i tukk. Samas kui k\u00e4epide on suurep\u00e4rane lokkide salkudesse jaotamiseks ja eraldamiseks.<\/li>\n<li><strong>\u00d6koloogiline Bio-p\u00f5hine koostis:<\/strong> Valmistatud biop\u00f5histest materjalidest, mis ei sisalda anorgaanilisi v\u00e4rvaineid ega m\u00fcrgiseid l\u00f5hnu.<\/li>\n<\/ul>\n<p>&nbsp;<\/p>\n<h2><strong>NB! Tegemist on soenguharjaga, mis on juuste vastu \u00f5rn ja m\u00f5eldud juuste viimsitlemiseks. Igap\u00e4evaseks pusade harutamiseks v\u00f5i tugevaks juuste kammimiseks kasuta spetsiaalset <a href=\"https:\/\/lokitar.ee\/toode\/bounce-curl-detangling-brush-pusahari\/\" target=\"_blank\" rel=\"noopener\">pusaharja<\/a><\/strong><\/h2>\n<p>&nbsp;<\/p>\n<h2><strong>KKK: Volume EdgeLift Brush soenguhari<\/strong><\/h2>\n<h3><strong>Milleks mulle Volume EdgeLift soenguhari?<\/strong><\/h3>\n<p>See on spetsiaalselt lokkidele kohandatud, patenteeritud soenguhari, mis on loodud lokkide, lainete ja krussis juuste eraldamiseks, defineerimiseks ja mahu ning vol\u00fc\u00fcmi lisamiseks. Unikaalne, kitsamate vahedega k\u00fclje\u00e4\u00e4ris aitab lisada mahtu ja vol\u00fc\u00fcmi ja on eriti sobilik \u00f5hematele juustele v\u00f5i peenemale juuksekarvale<\/p>\n<h3><strong>Mis eristab Volume EdgeLift soenguharja teistest harjadest?<\/strong><\/h3>\n<p>Lokke eraldavad k\u00fclje\u00e4\u00e4rised on kitsama vahega, luues tihedamaid lokisalke ja seel\u00e4bi rohkem vol\u00fc\u00fcmi. Harjal on mitmek\u00fclgne 5-\u00fches disain, mis silub, eraldab ja lisab vol\u00fc\u00fcmi. Spetsiaalne k\u00e4epide, mis jaotab ning eraldab juukseid t\u00e4pselt ja toimib kuumusevaba lokkide loomise t\u00f6\u00f6riistana.<\/p>\n<h3><strong>Mis eristab Volume EdgeLift Brush&#8217;i <a href=\"https:\/\/lokitar.ee\/toode\/define-styling-brush-lokke-esile-toov-juuksehari\/\" target=\"_blank\" rel=\"noopener\">Define Styling Brush&#8217;ist<\/a>?<\/strong><\/h3>\n<p><a href=\"https:\/\/lokitar.ee\/toode\/define-styling-brush-lokke-esile-toov-juuksehari\/\" target=\"_blank\" rel=\"noopener\">Define Styling Brush<\/a> loob m\u00e4\u00e4ratletud lokisalke suuremate vahedega, samas kui Volume EdgeLift Brush on loodud v\u00e4iksemate vahedega, sobides seega ideaalselt mahu lisamiseks ka n\u00e4iteks \u00f5hematele juustele ja lokkidele, mis janunevad ekstra vol\u00fc\u00fcmi j\u00e4rele.<\/p>\n<h3><strong>Milline on ideaalne juuksepikkus Volume EdgeLift Brush&#8217;i kasutamiseks?<\/strong><\/h3>\n<p>Kuigi hari sobib k\u00f5ige paremini juustele, mis on pikemad kui 7-8 cm, saab harja otsmist ehk \u00fclemist \u00e4\u00e4rt kasutada ka l\u00fchematel juustel n\u00e4iteks tuka v\u00f5i j\u00e4rkude viimistelmiseks ja neile vol\u00fc\u00fcmi lisamiseks.<\/p>\n<h3><strong>Kas Volume EdgeLift Brush&#8217;i saab kasutada m\u00e4rgadel juustel?<\/strong><\/h3>\n<p>Jah, hari on loodud siledamate ja eraldatud lokisalkude loomiseks ning t\u00e4pseks jaotamiseks, et see libiseks \u00fchtemoodi h\u00e4sti nii kuivadel kui m\u00e4rgadel juustel, kuid kahjustuse v\u00e4ltmiseks ei soovitata seda soenguharja kuivadel juustel siiski kasutada.<\/p>\n<h3><strong>Millest hari on valmistatud?<\/strong><\/h3>\n<p>Soenguhari on valmistatud pol\u00fclaktiidhappest (PLA), biolagunevast materjalist nagu maisit\u00e4rklis ja suhkruroog. See on julmusevaba ja ei sisalda loomseid koostisosi ega k\u00f5rvalsaadusi.<\/p>\n<h3><strong>Kui tihti ja kuidas peaksin harja puhastama?<\/strong><\/h3>\n<p>Harja tuleks puhastada regulaarselt, ideaalis p\u00e4rast iga paari kasutuskorda.<\/p>\n<ol>\n<li>Eemalda juuksed harjast.<\/li>\n<li>Peale igat kasutuskorda loputa hari sooja voolava vee all puhtaks, raputa kuivaks ja pane kuivama<\/li>\n<li>T\u00f5husaks puhastamiseks pihusta harjale puhastusvahendit nagu alkohol v\u00f5i <strong><a href=\"https:\/\/lokitar.ee\/toode\/turmeric-purifying-hair-scalp-sugavpuhastav-juuksemask\/\" target=\"_blank\" rel=\"noopener\">Bounce Curl kurkumiga puhastav mask.<\/a><\/strong><\/li>\n<li>Lase desinfektsioonivahendil maksimaalselt 10 minutit m\u00f5juda, seej\u00e4rel loputa.<\/li>\n<li>Lase harjal t\u00e4ielikult kuivada.<\/li>\n<\/ol>\n<h3><strong>Miks on minu harjal auk?<\/strong><\/h3>\n<p>Harjal on ventilatsiooniava kiireks kuivamiseks p\u00e4rast kasutamist v\u00f5i desinfitseerimist. See ei ole defekt.<\/p>\n<h3><strong>Millised on harja m\u00f5\u00f5tmed?<\/strong><\/h3>\n<p>Harja m\u00f5\u00f5tmed on 24,6 cm x 6,4 cm ilma karbi ja pakendita.<\/p>\n","protected":false},"excerpt":{"rendered":"<p>Tihedate vegan harjaste ning sakilise \u00e4\u00e4rega soenguhari aitab sul luua vol\u00fc\u00fcmikaid ja defineeritud lokke, v\u00e4hendades samal ajal juuste murdumist ja kahu<\/p>\n","protected":false},"author":793,"featured_media":31043,"comment_status":"open","ping_status":"closed","template":"","meta":{"cybocfi_hide_featured_image":""},"product_brand":[],"product_cat":[577,548,575,513,529],"product_tag":[],"class_list":{"0":"post-31042","1":"product","2":"type-product","3":"status-publish","4":"has-post-thumbnail","6":"product_cat-aksesuari","7":"product_cat-all-lv","8":"product_cat-atlaides","9":"product_cat-bouncecurl_lv","10":"product_cat-zimoli","12":"first","13":"instock","14":"taxable","15":"shipping-taxable","16":"purchasable","17":"product-type-variable"},"yoast_head":"<!-- This site is optimized with the Yoast SEO plugin v27.3 - https:\/\/yoast.com\/product\/yoast-seo-wordpress\/ -->\n<title>Volume EdgeLift Brush - kohevust lisava \u00e4\u00e4rega soenguhari - Lokitar<\/title>\n<meta name=\"description\" content=\"Tihedate vegan harjaste ning vol\u00fc\u00fcmi lisava \u00e4\u00e4rega soenguhari aitab sul luua kohevaid ja defineeritud lokke, v\u00e4hendades samal ajal juuste murdumist ja kahu\" \/>\n<meta name=\"robots\" content=\"index, follow, max-snippet:-1, max-image-preview:large, max-video-preview:-1\" \/>\n<link rel=\"canonical\" href=\"https:\/\/lokitar.ee\/lv\/product\/volume-edgelift-brush-mahtu-lisava-aarega-soenguhari\/\" \/>\n<meta property=\"og:locale\" content=\"lv_LV\" \/>\n<meta property=\"og:type\" content=\"article\" \/>\n<meta property=\"og:title\" content=\"Volume EdgeLift Brush - kohevust lisava \u00e4\u00e4rega soenguhari - Lokitar\" \/>\n<meta property=\"og:description\" content=\"Tihedate vegan harjaste ning vol\u00fc\u00fcmi lisava \u00e4\u00e4rega soenguhari aitab sul luua kohevaid ja defineeritud lokke, v\u00e4hendades samal ajal juuste murdumist ja kahu\" \/>\n<meta property=\"og:url\" content=\"https:\/\/lokitar.ee\/lv\/product\/volume-edgelift-brush-mahtu-lisava-aarega-soenguhari\/\" \/>\n<meta property=\"og:site_name\" content=\"Lokitar\" \/>\n<meta property=\"article:publisher\" content=\"https:\/\/www.facebook.com\/lokitar.ee\/\" \/>\n<meta property=\"article:modified_time\" content=\"2026-03-27T08:27:42+00:00\" \/>\n<meta property=\"og:image\" content=\"https:\/\/i0.wp.com\/lokitar.ee\/wp-content\/uploads\/2024\/07\/volume-edgelift-brush-packagaing-.png?fit=640%2C640&ssl=1\" \/>\n\t<meta property=\"og:image:width\" content=\"640\" \/>\n\t<meta property=\"og:image:height\" content=\"640\" \/>\n\t<meta property=\"og:image:type\" content=\"image\/png\" \/>\n<meta name=\"twitter:label1\" content=\"Est. reading time\" \/>\n\t<meta name=\"twitter:data1\" content=\"4 minutes\" \/>\n<script type=\"application\/ld+json\" class=\"yoast-schema-graph\">{\"@context\":\"https:\\\/\\\/schema.org\",\"@graph\":[{\"@type\":\"WebPage\",\"@id\":\"https:\\\/\\\/lokitar.ee\\\/lv\\\/product\\\/volume-edgelift-brush-mahtu-lisava-aarega-soenguhari\\\/\",\"url\":\"https:\\\/\\\/lokitar.ee\\\/lv\\\/product\\\/volume-edgelift-brush-mahtu-lisava-aarega-soenguhari\\\/\",\"name\":\"Volume EdgeLift Brush - kohevust lisava \u00e4\u00e4rega soenguhari - Lokitar\",\"isPartOf\":{\"@id\":\"https:\\\/\\\/lokitar.ee\\\/lv\\\/#website\"},\"primaryImageOfPage\":{\"@id\":\"https:\\\/\\\/lokitar.ee\\\/lv\\\/product\\\/volume-edgelift-brush-mahtu-lisava-aarega-soenguhari\\\/#primaryimage\"},\"image\":{\"@id\":\"https:\\\/\\\/lokitar.ee\\\/lv\\\/product\\\/volume-edgelift-brush-mahtu-lisava-aarega-soenguhari\\\/#primaryimage\"},\"thumbnailUrl\":\"https:\\\/\\\/i0.wp.com\\\/lokitar.ee\\\/wp-content\\\/uploads\\\/2024\\\/07\\\/volume-edgelift-brush-packagaing-.png?fit=640%2C640&ssl=1\",\"datePublished\":\"2024-07-10T14:10:13+00:00\",\"dateModified\":\"2026-03-27T08:27:42+00:00\",\"description\":\"Tihedate vegan harjaste ning vol\u00fc\u00fcmi lisava \u00e4\u00e4rega soenguhari aitab sul luua kohevaid ja defineeritud lokke, v\u00e4hendades samal ajal juuste murdumist ja kahu\",\"breadcrumb\":{\"@id\":\"https:\\\/\\\/lokitar.ee\\\/lv\\\/product\\\/volume-edgelift-brush-mahtu-lisava-aarega-soenguhari\\\/#breadcrumb\"},\"inLanguage\":\"lv-LV\",\"potentialAction\":[{\"@type\":\"ReadAction\",\"target\":[\"https:\\\/\\\/lokitar.ee\\\/lv\\\/product\\\/volume-edgelift-brush-mahtu-lisava-aarega-soenguhari\\\/\"]}]},{\"@type\":\"ImageObject\",\"inLanguage\":\"lv-LV\",\"@id\":\"https:\\\/\\\/lokitar.ee\\\/lv\\\/product\\\/volume-edgelift-brush-mahtu-lisava-aarega-soenguhari\\\/#primaryimage\",\"url\":\"https:\\\/\\\/i0.wp.com\\\/lokitar.ee\\\/wp-content\\\/uploads\\\/2024\\\/07\\\/volume-edgelift-brush-packagaing-.png?fit=640%2C640&ssl=1\",\"contentUrl\":\"https:\\\/\\\/i0.wp.com\\\/lokitar.ee\\\/wp-content\\\/uploads\\\/2024\\\/07\\\/volume-edgelift-brush-packagaing-.png?fit=640%2C640&ssl=1\",\"width\":640,\"height\":640},{\"@type\":\"BreadcrumbList\",\"@id\":\"https:\\\/\\\/lokitar.ee\\\/lv\\\/product\\\/volume-edgelift-brush-mahtu-lisava-aarega-soenguhari\\\/#breadcrumb\",\"itemListElement\":[{\"@type\":\"ListItem\",\"position\":1,\"name\":\"Esileht\",\"item\":\"https:\\\/\\\/lokitar.ee\\\/lv\\\/\"},{\"@type\":\"ListItem\",\"position\":2,\"name\":\"Veikals\",\"item\":\"https:\\\/\\\/lokitar.ee\\\/lv\\\/veikals\\\/\"},{\"@type\":\"ListItem\",\"position\":3,\"name\":\"Z\u012bmoli\",\"item\":\"https:\\\/\\\/lokitar.ee\\\/lv\\\/tootekategooria\\\/zimoli\\\/\"},{\"@type\":\"ListItem\",\"position\":4,\"name\":\"Bounce Curl\",\"item\":\"https:\\\/\\\/lokitar.ee\\\/lv\\\/tootekategooria\\\/zimoli\\\/bouncecurl_lv\\\/\"},{\"@type\":\"ListItem\",\"position\":5,\"name\":\"Volume EdgeLift Brush &#8211; kohevust lisava \u00e4\u00e4rega soenguhari\"}]},{\"@type\":\"WebSite\",\"@id\":\"https:\\\/\\\/lokitar.ee\\\/lv\\\/#website\",\"url\":\"https:\\\/\\\/lokitar.ee\\\/lv\\\/\",\"name\":\"Lokitar\",\"description\":\"Armasta enda juukseid\",\"publisher\":{\"@id\":\"https:\\\/\\\/lokitar.ee\\\/lv\\\/#organization\"},\"potentialAction\":[{\"@type\":\"SearchAction\",\"target\":{\"@type\":\"EntryPoint\",\"urlTemplate\":\"https:\\\/\\\/lokitar.ee\\\/lv\\\/?s={search_term_string}\"},\"query-input\":{\"@type\":\"PropertyValueSpecification\",\"valueRequired\":true,\"valueName\":\"search_term_string\"}}],\"inLanguage\":\"lv-LV\"},{\"@type\":\"Organization\",\"@id\":\"https:\\\/\\\/lokitar.ee\\\/lv\\\/#organization\",\"name\":\"Lokitar\",\"url\":\"https:\\\/\\\/lokitar.ee\\\/lv\\\/\",\"logo\":{\"@type\":\"ImageObject\",\"inLanguage\":\"lv-LV\",\"@id\":\"https:\\\/\\\/lokitar.ee\\\/lv\\\/#\\\/schema\\\/logo\\\/image\\\/\",\"url\":\"https:\\\/\\\/i0.wp.com\\\/lokitar.ee\\\/wp-content\\\/uploads\\\/2021\\\/09\\\/LokitarLogo350.png?fit=350%2C159&ssl=1\",\"contentUrl\":\"https:\\\/\\\/i0.wp.com\\\/lokitar.ee\\\/wp-content\\\/uploads\\\/2021\\\/09\\\/LokitarLogo350.png?fit=350%2C159&ssl=1\",\"width\":350,\"height\":159,\"caption\":\"Lokitar\"},\"image\":{\"@id\":\"https:\\\/\\\/lokitar.ee\\\/lv\\\/#\\\/schema\\\/logo\\\/image\\\/\"},\"sameAs\":[\"https:\\\/\\\/www.facebook.com\\\/lokitar.ee\\\/\",\"https:\\\/\\\/www.instagram.com\\\/lokitar.ee\\\/\",\"https:\\\/\\\/www.youtube.com\\\/channel\\\/UCNPGxykKCPoqFQkzd33k5MQ\"]}]}<\/script>\n<!-- \/ Yoast SEO plugin. -->","yoast_head_json":{"title":"Volume EdgeLift Brush - kohevust lisava \u00e4\u00e4rega soenguhari - Lokitar","description":"Tihedate vegan harjaste ning vol\u00fc\u00fcmi lisava \u00e4\u00e4rega soenguhari aitab sul luua kohevaid ja defineeritud lokke, v\u00e4hendades samal ajal juuste murdumist ja kahu","robots":{"index":"index","follow":"follow","max-snippet":"max-snippet:-1","max-image-preview":"max-image-preview:large","max-video-preview":"max-video-preview:-1"},"canonical":"https:\/\/lokitar.ee\/lv\/product\/volume-edgelift-brush-mahtu-lisava-aarega-soenguhari\/","og_locale":"lv_LV","og_type":"article","og_title":"Volume EdgeLift Brush - kohevust lisava \u00e4\u00e4rega soenguhari - Lokitar","og_description":"Tihedate vegan harjaste ning vol\u00fc\u00fcmi lisava \u00e4\u00e4rega soenguhari aitab sul luua kohevaid ja defineeritud lokke, v\u00e4hendades samal ajal juuste murdumist ja kahu","og_url":"https:\/\/lokitar.ee\/lv\/product\/volume-edgelift-brush-mahtu-lisava-aarega-soenguhari\/","og_site_name":"Lokitar","article_publisher":"https:\/\/www.facebook.com\/lokitar.ee\/","article_modified_time":"2026-03-27T08:27:42+00:00","og_image":[{"width":640,"height":640,"url":"https:\/\/i0.wp.com\/lokitar.ee\/wp-content\/uploads\/2024\/07\/volume-edgelift-brush-packagaing-.png?fit=640%2C640&ssl=1","type":"image\/png"}],"twitter_misc":{"Est. reading time":"4 minutes"},"schema":{"@context":"https:\/\/schema.org","@graph":[{"@type":"WebPage","@id":"https:\/\/lokitar.ee\/lv\/product\/volume-edgelift-brush-mahtu-lisava-aarega-soenguhari\/","url":"https:\/\/lokitar.ee\/lv\/product\/volume-edgelift-brush-mahtu-lisava-aarega-soenguhari\/","name":"Volume EdgeLift Brush - kohevust lisava \u00e4\u00e4rega soenguhari - Lokitar","isPartOf":{"@id":"https:\/\/lokitar.ee\/lv\/#website"},"primaryImageOfPage":{"@id":"https:\/\/lokitar.ee\/lv\/product\/volume-edgelift-brush-mahtu-lisava-aarega-soenguhari\/#primaryimage"},"image":{"@id":"https:\/\/lokitar.ee\/lv\/product\/volume-edgelift-brush-mahtu-lisava-aarega-soenguhari\/#primaryimage"},"thumbnailUrl":"https:\/\/i0.wp.com\/lokitar.ee\/wp-content\/uploads\/2024\/07\/volume-edgelift-brush-packagaing-.png?fit=640%2C640&ssl=1","datePublished":"2024-07-10T14:10:13+00:00","dateModified":"2026-03-27T08:27:42+00:00","description":"Tihedate vegan harjaste ning vol\u00fc\u00fcmi lisava \u00e4\u00e4rega soenguhari aitab sul luua kohevaid ja defineeritud lokke, v\u00e4hendades samal ajal juuste murdumist ja kahu","breadcrumb":{"@id":"https:\/\/lokitar.ee\/lv\/product\/volume-edgelift-brush-mahtu-lisava-aarega-soenguhari\/#breadcrumb"},"inLanguage":"lv-LV","potentialAction":[{"@type":"ReadAction","target":["https:\/\/lokitar.ee\/lv\/product\/volume-edgelift-brush-mahtu-lisava-aarega-soenguhari\/"]}]},{"@type":"ImageObject","inLanguage":"lv-LV","@id":"https:\/\/lokitar.ee\/lv\/product\/volume-edgelift-brush-mahtu-lisava-aarega-soenguhari\/#primaryimage","url":"https:\/\/i0.wp.com\/lokitar.ee\/wp-content\/uploads\/2024\/07\/volume-edgelift-brush-packagaing-.png?fit=640%2C640&ssl=1","contentUrl":"https:\/\/i0.wp.com\/lokitar.ee\/wp-content\/uploads\/2024\/07\/volume-edgelift-brush-packagaing-.png?fit=640%2C640&ssl=1","width":640,"height":640},{"@type":"BreadcrumbList","@id":"https:\/\/lokitar.ee\/lv\/product\/volume-edgelift-brush-mahtu-lisava-aarega-soenguhari\/#breadcrumb","itemListElement":[{"@type":"ListItem","position":1,"name":"Esileht","item":"https:\/\/lokitar.ee\/lv\/"},{"@type":"ListItem","position":2,"name":"Veikals","item":"https:\/\/lokitar.ee\/lv\/veikals\/"},{"@type":"ListItem","position":3,"name":"Z\u012bmoli","item":"https:\/\/lokitar.ee\/lv\/tootekategooria\/zimoli\/"},{"@type":"ListItem","position":4,"name":"Bounce Curl","item":"https:\/\/lokitar.ee\/lv\/tootekategooria\/zimoli\/bouncecurl_lv\/"},{"@type":"ListItem","position":5,"name":"Volume EdgeLift Brush &#8211; kohevust lisava \u00e4\u00e4rega soenguhari"}]},{"@type":"WebSite","@id":"https:\/\/lokitar.ee\/lv\/#website","url":"https:\/\/lokitar.ee\/lv\/","name":"Lokitar","description":"Armasta enda juukseid","publisher":{"@id":"https:\/\/lokitar.ee\/lv\/#organization"},"potentialAction":[{"@type":"SearchAction","target":{"@type":"EntryPoint","urlTemplate":"https:\/\/lokitar.ee\/lv\/?s={search_term_string}"},"query-input":{"@type":"PropertyValueSpecification","valueRequired":true,"valueName":"search_term_string"}}],"inLanguage":"lv-LV"},{"@type":"Organization","@id":"https:\/\/lokitar.ee\/lv\/#organization","name":"Lokitar","url":"https:\/\/lokitar.ee\/lv\/","logo":{"@type":"ImageObject","inLanguage":"lv-LV","@id":"https:\/\/lokitar.ee\/lv\/#\/schema\/logo\/image\/","url":"https:\/\/i0.wp.com\/lokitar.ee\/wp-content\/uploads\/2021\/09\/LokitarLogo350.png?fit=350%2C159&ssl=1","contentUrl":"https:\/\/i0.wp.com\/lokitar.ee\/wp-content\/uploads\/2021\/09\/LokitarLogo350.png?fit=350%2C159&ssl=1","width":350,"height":159,"caption":"Lokitar"},"image":{"@id":"https:\/\/lokitar.ee\/lv\/#\/schema\/logo\/image\/"},"sameAs":["https:\/\/www.facebook.com\/lokitar.ee\/","https:\/\/www.instagram.com\/lokitar.ee\/","https:\/\/www.youtube.com\/channel\/UCNPGxykKCPoqFQkzd33k5MQ"]}]}},"jetpack_sharing_enabled":true,"_links":{"self":[{"href":"https:\/\/lokitar.ee\/lv\/wp-json\/wp\/v2\/product\/31042","targetHints":{"allow":["GET"]}}],"collection":[{"href":"https:\/\/lokitar.ee\/lv\/wp-json\/wp\/v2\/product"}],"about":[{"href":"https:\/\/lokitar.ee\/lv\/wp-json\/wp\/v2\/types\/product"}],"author":[{"embeddable":true,"href":"https:\/\/lokitar.ee\/lv\/wp-json\/wp\/v2\/users\/793"}],"replies":[{"embeddable":true,"href":"https:\/\/lokitar.ee\/lv\/wp-json\/wp\/v2\/comments?post=31042"}],"wp:featuredmedia":[{"embeddable":true,"href":"https:\/\/lokitar.ee\/lv\/wp-json\/wp\/v2\/media\/31043"}],"wp:attachment":[{"href":"https:\/\/lokitar.ee\/lv\/wp-json\/wp\/v2\/media?parent=31042"}],"wp:term":[{"taxonomy":"product_brand","embeddable":true,"href":"https:\/\/lokitar.ee\/lv\/wp-json\/wp\/v2\/product_brand?post=31042"},{"taxonomy":"product_cat","embeddable":true,"href":"https:\/\/lokitar.ee\/lv\/wp-json\/wp\/v2\/product_cat?post=31042"},{"taxonomy":"product_tag","embeddable":true,"href":"https:\/\/lokitar.ee\/lv\/wp-json\/wp\/v2\/product_tag?post=31042"}],"curies":[{"name":"wp","href":"https:\/\/api.w.org\/{rel}","templated":true}]}}