{"id":31086,"date":"2025-11-13T11:12:57","date_gmt":"2025-11-13T09:12:57","guid":{"rendered":"https:\/\/lokitar.ee\/toode\/flora-curl-baobab-marula-restorative-bonding-mask-tugevdav-taastav-mask-300ml\/"},"modified":"2025-11-13T14:47:49","modified_gmt":"2025-11-13T12:47:49","slug":"flora-curl-baobab-marula-restorative-bonding-mask-tugevdav-taastav-mask-300ml","status":"publish","type":"product","link":"https:\/\/lokitar.ee\/ru\/product\/flora-curl-baobab-marula-restorative-bonding-mask-tugevdav-taastav-mask-300ml\/","title":{"rendered":"Flora &#038; Curl Baobab &#038; Marula Restorative Bonding Mask \u2013 \u0412\u043e\u0441\u0441\u0442\u0430\u043d\u0430\u0432\u043b\u0438\u0432\u0430\u044e\u0449\u0430\u044f bonding-\u043c\u0430\u0441\u043a\u0430 300ml"},"content":{"rendered":"<p data-start=\"3145\" data-end=\"3245\"><strong>\u0418\u043d\u0442\u0435\u043d\u0441\u0438\u0432\u043d\u0430\u044f bonding-\u043c\u0430\u0441\u043a\u0430, \u043a\u043b\u0438\u043d\u0438\u0447\u0435\u0441\u043a\u0438 \u0434\u043e\u043a\u0430\u0437\u0430\u043d\u043e \u0434\u0435\u043b\u0430\u044e\u0449\u0430\u044f \u043a\u0443\u0434\u0440\u0438 \u0432 4 \u0440\u0430\u0437\u0430 \u0431\u043e\u043b\u0435\u0435 \u0443\u0441\u0442\u043e\u0439\u0447\u0438\u0432\u044b\u043c\u0438 \u043a \u043b\u043e\u043c\u043a\u043e\u0441\u0442\u0438.<\/strong><\/p>\n<p data-start=\"3266\" data-end=\"3670\">\u042d\u0442\u0430 \u0433\u043b\u0443\u0431\u043e\u043a\u043e\u0432\u043e\u0441\u0441\u0442\u0430\u043d\u0430\u0432\u043b\u0438\u0432\u0430\u044e\u0449\u0430\u044f \u043c\u0430\u0441\u043a\u0430 \u0443\u043a\u0440\u0435\u043f\u043b\u044f\u0435\u0442 \u0441\u0442\u0440\u0443\u043a\u0442\u0443\u0440\u0443 \u0432\u043e\u043b\u043e\u0441\u0430 \u0438\u0437\u043d\u0443\u0442\u0440\u0438. \u0410\u043a\u0442\u0438\u0432 FibreHance\u2122 \u043f\u0440\u043e\u043d\u0438\u043a\u0430\u0435\u0442 \u0432\u043d\u0443\u0442\u0440\u044c \u0432\u043e\u043b\u043e\u0441\u0430 \u0438 \u0443\u0441\u0438\u043b\u0438\u0432\u0430\u0435\u0442 \u0432\u043d\u0443\u0442\u0440\u0435\u043d\u043d\u0438\u0435 \u0441\u0432\u044f\u0437\u0438, \u043f\u043e\u043c\u043e\u0433\u0430\u044f \u0432\u043e\u0441\u0441\u0442\u0430\u043d\u043e\u0432\u0438\u0442\u044c \u043f\u0440\u043e\u0447\u043d\u043e\u0441\u0442\u044c \u0438 \u0443\u0441\u0442\u043e\u0439\u0447\u0438\u0432\u043e\u0441\u0442\u044c \u043a \u043f\u043e\u0432\u0440\u0435\u0436\u0434\u0435\u043d\u0438\u044f\u043c. \u041c\u0430\u0441\u043b\u0430 \u0431\u0430\u043e\u0431\u0430\u0431\u0430 \u0438 \u043c\u0430\u0440\u0443\u043b\u044b \u043f\u0438\u0442\u0430\u044e\u0442 \u0438 \u0443\u0432\u043b\u0430\u0436\u043d\u044f\u044e\u0442 \u0441\u0443\u0445\u0438\u0435, \u043b\u043e\u043c\u043a\u0438\u0435 \u043f\u0440\u044f\u0434\u0438, \u043f\u0440\u0438\u0434\u0430\u0432\u0430\u044f \u043a\u0443\u0434\u0440\u044f\u043c \u044d\u043b\u0430\u0441\u0442\u0438\u0447\u043d\u043e\u0441\u0442\u044c, \u043c\u044f\u0433\u043a\u043e\u0441\u0442\u044c \u0438 \u0437\u0430\u043c\u0435\u0442\u043d\u044b\u0439 \u0431\u043b\u0435\u0441\u043a. \u0418\u0434\u0435\u0430\u043b\u044c\u043d\u0430 \u0434\u043b\u044f \u0432\u043e\u043b\u043e\u0441 \u043f\u043e\u0441\u043b\u0435 \u043e\u043a\u0440\u0430\u0448\u0438\u0432\u0430\u043d\u0438\u044f, \u0442\u0435\u0440\u043c\u043e\u0443\u043a\u043b\u0430\u0434\u043a\u0438 \u0438 \u043c\u0435\u0445\u0430\u043d\u0438\u0447\u0435\u0441\u043a\u043e\u0433\u043e \u043f\u043e\u0432\u0440\u0435\u0436\u0434\u0435\u043d\u0438\u044f.<\/p>\n<h3 data-start=\"3672\" data-end=\"3694\"><strong data-start=\"3676\" data-end=\"3692\">\u041f\u0440\u0435\u0438\u043c\u0443\u0449\u0435\u0441\u0442\u0432\u0430<\/strong><\/h3>\n<p data-start=\"3695\" data-end=\"3926\">\u2022 \u041a\u043b\u0438\u043d\u0438\u0447\u0435\u0441\u043a\u0438 \u0434\u043e\u043a\u0430\u0437\u0430\u043d\u043e: \u043a\u0443\u0434\u0440\u0438 \u0441\u0442\u0430\u043d\u043e\u0432\u044f\u0442\u0441\u044f \u0434\u043e 4\u00d7 \u0441\u0438\u043b\u044c\u043d\u0435\u0435<br data-start=\"3748\" data-end=\"3751\" \/>\u2022 \u0423\u043a\u0440\u0435\u043f\u043b\u044f\u0435\u0442 \u0432\u043d\u0443\u0442\u0440\u0435\u043d\u043d\u044e\u044e \u0441\u0442\u0440\u0443\u043a\u0442\u0443\u0440\u0443 \u0432\u043e\u043b\u043e\u0441\u0430<br data-start=\"3790\" data-end=\"3793\" \/>\u2022 \u0423\u043b\u0443\u0447\u0448\u0430\u0435\u0442 \u044d\u043b\u0430\u0441\u0442\u0438\u0447\u043d\u043e\u0441\u0442\u044c \u0438 \u0441\u043e\u043f\u0440\u043e\u0442\u0438\u0432\u043b\u044f\u0435\u043c\u043e\u0441\u0442\u044c<br data-start=\"3835\" data-end=\"3838\" \/>\u2022 \u0413\u043b\u0443\u0431\u043e\u043a\u043e \u043f\u0438\u0442\u0430\u0435\u0442 \u0438 \u0432\u043e\u0441\u0441\u0442\u0430\u043d\u0430\u0432\u043b\u0438\u0432\u0430\u0435\u0442 \u0441\u0443\u0445\u0438\u0435 \u0438 \u043b\u043e\u043c\u043a\u0438\u0435 \u043f\u0440\u044f\u0434\u0438<br data-start=\"3893\" data-end=\"3896\" \/>\u2022 \u041f\u043e\u0434\u0445\u043e\u0434\u0438\u0442 \u0432\u0441\u0435\u043c \u0442\u0438\u043f\u0430\u043c \u043a\u0443\u0434\u0440\u0435\u0439<\/p>\n<h3 data-start=\"3928\" data-end=\"3955\"><strong data-start=\"3932\" data-end=\"3953\">\u0421\u043f\u043e\u0441\u043e\u0431 \u043f\u0440\u0438\u043c\u0435\u043d\u0435\u043d\u0438\u044f<\/strong><\/h3>\n<p data-start=\"3956\" data-end=\"4255\">\u041f\u043e\u0441\u043b\u0435 \u043c\u044b\u0442\u044c\u044f \u0433\u043e\u043b\u043e\u0432\u044b \u0441\u043b\u0435\u0433\u043a\u0430 \u043e\u0442\u043e\u0436\u043c\u0438\u0442\u0435 \u0432\u043e\u043b\u043e\u0441\u044b. \u041d\u0430\u043d\u0435\u0441\u0438\u0442\u0435 \u043c\u0430\u0441\u043a\u0443 \u043f\u043e \u0434\u043b\u0438\u043d\u0435 \u0438 \u043d\u0430 \u043a\u043e\u043d\u0446\u044b. \u041d\u0430\u0434\u0435\u043d\u044c\u0442\u0435 \u0448\u0430\u043f\u043e\u0447\u043a\u0443 \u0434\u043b\u044f \u0434\u0443\u0448\u0430 \u0438 \u043e\u0441\u0442\u0430\u0432\u044c\u0442\u0435 \u043d\u0430 10\u201315 \u043c\u0438\u043d\u0443\u0442. \u0421\u043c\u043e\u0439\u0442\u0435 \u0442\u0451\u043f\u043b\u043e\u0439 \u0432\u043e\u0434\u043e\u0439.<br data-start=\"4108\" data-end=\"4111\" \/><strong data-start=\"4111\" data-end=\"4255\">\u0418\u0441\u043f\u043e\u043b\u044c\u0437\u0443\u0439\u0442\u0435, \u043a\u043e\u0433\u0434\u0430 \u0432\u043e\u043b\u043e\u0441\u0430\u043c \u0442\u0440\u0435\u0431\u0443\u0435\u0442\u0441\u044f \u0443\u0441\u0438\u043b\u0435\u043d\u043d\u043e\u0435 \u0432\u043e\u0441\u0441\u0442\u0430\u043d\u043e\u0432\u043b\u0435\u043d\u0438\u0435. \u0414\u043b\u044f \u043c\u0430\u043a\u0441\u0438\u043c\u0430\u043b\u044c\u043d\u043e\u0433\u043e \u0440\u0435\u0437\u0443\u043b\u044c\u0442\u0430\u0442\u0430 \u0437\u0430\u0432\u0435\u0440\u0448\u0438\u0442\u0435 \u0443\u0445\u043e\u0434 Baobab &amp; Marula Restorative Mist.<\/strong><\/p>\n<p data-start=\"3301\" data-end=\"3392\"><span style=\"color: #008000;\"><strong><a style=\"color: #008000;\" href=\"https:\/\/lokitar.ee\/ru\/product\/flora-curl-baobab-marula-restorative-mist-tugevdav-juuksesprei-200ml\/\"> Baobab &amp; Marula Restorative Mist<\/a><\/strong><\/span>.<\/p>\n","protected":false},"excerpt":{"rendered":"<p>\u0418\u043d\u0442\u0435\u043d\u0441\u0438\u0432\u043d\u0430\u044f bonding-\u043c\u0430\u0441\u043a\u0430, \u043a\u043b\u0438\u043d\u0438\u0447\u0435\u0441\u043a\u0438 \u0434\u043e\u043a\u0430\u0437\u0430\u043d\u043e \u0434\u0435\u043b\u0430\u044e\u0449\u0430\u044f \u043a\u0443\u0434\u0440\u0438 \u0432 4 \u0440\u0430\u0437\u0430 \u0431\u043e\u043b\u0435\u0435 \u0443\u0441\u0442\u043e\u0439\u0447\u0438\u0432\u044b\u043c\u0438 \u043a \u043b\u043e\u043c\u043a\u043e\u0441\u0442\u0438. \u042d\u0442\u0430 \u0433\u043b\u0443\u0431\u043e\u043a\u043e\u0432\u043e\u0441\u0441\u0442\u0430\u043d\u0430\u0432\u043b\u0438\u0432\u0430\u044e\u0449\u0430\u044f \u043c\u0430\u0441\u043a\u0430 \u0443\u043a\u0440\u0435\u043f\u043b\u044f\u0435\u0442 \u0441\u0442\u0440\u0443\u043a\u0442\u0443\u0440\u0443 \u0432\u043e\u043b\u043e\u0441\u0430 \u0438\u0437\u043d\u0443\u0442\u0440\u0438. \u0410\u043a\u0442\u0438\u0432 FibreHance\u2122 \u043f\u0440\u043e\u043d\u0438\u043a\u0430\u0435\u0442 \u0432\u043d\u0443\u0442\u0440\u044c \u0432\u043e\u043b\u043e\u0441\u0430 \u0438 \u0443\u0441\u0438\u043b\u0438\u0432\u0430\u0435\u0442 \u0432\u043d\u0443\u0442\u0440\u0435\u043d\u043d\u0438\u0435 \u0441\u0432\u044f\u0437\u0438, \u043f\u043e\u043c\u043e\u0433\u0430\u044f \u0432\u043e\u0441\u0441\u0442\u0430\u043d\u043e\u0432\u0438\u0442\u044c \u043f\u0440\u043e\u0447\u043d\u043e\u0441\u0442\u044c \u0438 \u0443\u0441\u0442\u043e\u0439\u0447\u0438\u0432\u043e\u0441\u0442\u044c \u043a \u043f\u043e\u0432\u0440\u0435\u0436\u0434\u0435\u043d\u0438\u044f\u043c. \u041c\u0430\u0441\u043b\u0430 \u0431\u0430\u043e\u0431\u0430\u0431\u0430 \u0438 \u043c\u0430\u0440\u0443\u043b\u044b \u043f\u0438\u0442\u0430\u044e\u0442 \u0438 \u0443\u0432\u043b\u0430\u0436\u043d\u044f\u044e\u0442 \u0441\u0443\u0445\u0438\u0435, \u043b\u043e\u043c\u043a\u0438\u0435 \u043f\u0440\u044f\u0434\u0438, \u043f\u0440\u0438\u0434\u0430\u0432\u0430\u044f \u043a\u0443\u0434\u0440\u044f\u043c \u044d\u043b\u0430\u0441\u0442\u0438\u0447\u043d\u043e\u0441\u0442\u044c, \u043c\u044f\u0433\u043a\u043e\u0441\u0442\u044c \u0438 \u0437\u0430\u043c\u0435\u0442\u043d\u044b\u0439 \u0431\u043b\u0435\u0441\u043a. \u0418\u0434\u0435\u0430\u043b\u044c\u043d\u0430 \u0434\u043b\u044f [&#8230;]\n","protected":false},"author":2,"featured_media":31009,"comment_status":"open","ping_status":"closed","template":"","meta":{"cybocfi_hide_featured_image":""},"product_brand":[797,798],"product_cat":[238,804,218],"product_tag":[],"class_list":{"0":"post-31086","1":"product","2":"type-product","3":"status-publish","4":"has-post-thumbnail","6":"product_brand-floracurl","7":"product_brand-strengthen-me","8":"product_cat-floracurl-ru","9":"product_cat-strengthen-me","10":"product_cat-218","12":"first","13":"outofstock","14":"taxable","15":"shipping-taxable","16":"purchasable","17":"product-type-simple"},"yoast_head":"<!-- This site is optimized with the Yoast SEO plugin v27.3 - https:\/\/yoast.com\/product\/yoast-seo-wordpress\/ -->\n<title>Flora &amp; Curl Baobab &amp; Marula bond-building mask \u2013 4\u00d7 tugevamad juuksed<\/title>\n<meta name=\"description\" content=\"Kliiniliselt t\u00f5estatud taastav mask, mis muudab juuksed kuni 4\u00d7 tugevamaks. Taastab juuksekiudu, v\u00e4hendab murdumist ja lisab elastsust. S\u00fcvahooldus lokkidele.\" \/>\n<meta name=\"robots\" content=\"index, follow, max-snippet:-1, max-image-preview:large, max-video-preview:-1\" \/>\n<link rel=\"canonical\" href=\"https:\/\/lokitar.ee\/ru\/product\/flora-curl-baobab-marula-restorative-bonding-mask-tugevdav-taastav-mask-300ml\/\" \/>\n<meta property=\"og:locale\" content=\"ru_RU\" \/>\n<meta property=\"og:type\" content=\"article\" \/>\n<meta property=\"og:title\" content=\"Flora &amp; Curl Baobab &amp; Marula bond-building mask \u2013 4\u00d7 tugevamad juuksed\" \/>\n<meta property=\"og:description\" content=\"Kliiniliselt t\u00f5estatud taastav mask, mis muudab juuksed kuni 4\u00d7 tugevamaks. Taastab juuksekiudu, v\u00e4hendab murdumist ja lisab elastsust. S\u00fcvahooldus lokkidele.\" \/>\n<meta property=\"og:url\" content=\"https:\/\/lokitar.ee\/ru\/product\/flora-curl-baobab-marula-restorative-bonding-mask-tugevdav-taastav-mask-300ml\/\" \/>\n<meta property=\"og:site_name\" content=\"Lokitar\" \/>\n<meta property=\"article:publisher\" content=\"https:\/\/www.facebook.com\/lokitar.ee\/\" \/>\n<meta property=\"article:modified_time\" content=\"2025-11-13T12:47:49+00:00\" \/>\n<meta property=\"og:image\" content=\"https:\/\/i0.wp.com\/lokitar.ee\/wp-content\/uploads\/2025\/11\/Floraandcurl-Sept25-7-scaled.png?fit=2560%2C2560&ssl=1\" \/>\n\t<meta property=\"og:image:width\" content=\"2560\" \/>\n\t<meta property=\"og:image:height\" content=\"2560\" \/>\n\t<meta property=\"og:image:type\" content=\"image\/png\" \/>\n<script type=\"application\/ld+json\" class=\"yoast-schema-graph\">{\"@context\":\"https:\\\/\\\/schema.org\",\"@graph\":[{\"@type\":\"WebPage\",\"@id\":\"https:\\\/\\\/lokitar.ee\\\/ru\\\/product\\\/flora-curl-baobab-marula-restorative-bonding-mask-tugevdav-taastav-mask-300ml\\\/\",\"url\":\"https:\\\/\\\/lokitar.ee\\\/ru\\\/product\\\/flora-curl-baobab-marula-restorative-bonding-mask-tugevdav-taastav-mask-300ml\\\/\",\"name\":\"Flora & Curl Baobab & Marula bond-building mask \u2013 4\u00d7 tugevamad juuksed\",\"isPartOf\":{\"@id\":\"https:\\\/\\\/lokitar.ee\\\/ru\\\/#website\"},\"primaryImageOfPage\":{\"@id\":\"https:\\\/\\\/lokitar.ee\\\/ru\\\/product\\\/flora-curl-baobab-marula-restorative-bonding-mask-tugevdav-taastav-mask-300ml\\\/#primaryimage\"},\"image\":{\"@id\":\"https:\\\/\\\/lokitar.ee\\\/ru\\\/product\\\/flora-curl-baobab-marula-restorative-bonding-mask-tugevdav-taastav-mask-300ml\\\/#primaryimage\"},\"thumbnailUrl\":\"https:\\\/\\\/i0.wp.com\\\/lokitar.ee\\\/wp-content\\\/uploads\\\/2025\\\/11\\\/Floraandcurl-Sept25-7-scaled.png?fit=2560%2C2560&ssl=1\",\"datePublished\":\"2025-11-13T09:12:57+00:00\",\"dateModified\":\"2025-11-13T12:47:49+00:00\",\"description\":\"Kliiniliselt t\u00f5estatud taastav mask, mis muudab juuksed kuni 4\u00d7 tugevamaks. Taastab juuksekiudu, v\u00e4hendab murdumist ja lisab elastsust. S\u00fcvahooldus lokkidele.\",\"breadcrumb\":{\"@id\":\"https:\\\/\\\/lokitar.ee\\\/ru\\\/product\\\/flora-curl-baobab-marula-restorative-bonding-mask-tugevdav-taastav-mask-300ml\\\/#breadcrumb\"},\"inLanguage\":\"ru-RU\",\"potentialAction\":[{\"@type\":\"ReadAction\",\"target\":[\"https:\\\/\\\/lokitar.ee\\\/ru\\\/product\\\/flora-curl-baobab-marula-restorative-bonding-mask-tugevdav-taastav-mask-300ml\\\/\"]}]},{\"@type\":\"ImageObject\",\"inLanguage\":\"ru-RU\",\"@id\":\"https:\\\/\\\/lokitar.ee\\\/ru\\\/product\\\/flora-curl-baobab-marula-restorative-bonding-mask-tugevdav-taastav-mask-300ml\\\/#primaryimage\",\"url\":\"https:\\\/\\\/i0.wp.com\\\/lokitar.ee\\\/wp-content\\\/uploads\\\/2025\\\/11\\\/Floraandcurl-Sept25-7-scaled.png?fit=2560%2C2560&ssl=1\",\"contentUrl\":\"https:\\\/\\\/i0.wp.com\\\/lokitar.ee\\\/wp-content\\\/uploads\\\/2025\\\/11\\\/Floraandcurl-Sept25-7-scaled.png?fit=2560%2C2560&ssl=1\",\"width\":2560,\"height\":2560},{\"@type\":\"BreadcrumbList\",\"@id\":\"https:\\\/\\\/lokitar.ee\\\/ru\\\/product\\\/flora-curl-baobab-marula-restorative-bonding-mask-tugevdav-taastav-mask-300ml\\\/#breadcrumb\",\"itemListElement\":[{\"@type\":\"ListItem\",\"position\":1,\"name\":\"\u0413\u043b\u0430\u0432\u043d\u0430\u044f\",\"item\":\"https:\\\/\\\/lokitar.ee\\\/ru\\\/\"},{\"@type\":\"ListItem\",\"position\":2,\"name\":\"\u041c\u0430\u0433\u0430\u0437\u0438\u043d\",\"item\":\"https:\\\/\\\/lokitar.ee\\\/ru\\\/%d0%bc%d0%b0%d0%b3%d0%b0%d0%b7%d0%b8%d0%bd\\\/\"},{\"@type\":\"ListItem\",\"position\":3,\"name\":\"\u0411\u0420\u0415\u041d\u0414\u042b\",\"item\":\"https:\\\/\\\/lokitar.ee\\\/ru\\\/tootekategooria\\\/%d0%b1%d1%80%d0%b5%d0%bd%d0%b4%d1%8b\\\/\"},{\"@type\":\"ListItem\",\"position\":4,\"name\":\"Flora&amp;Curl\",\"item\":\"https:\\\/\\\/lokitar.ee\\\/ru\\\/tootekategooria\\\/%d0%b1%d1%80%d0%b5%d0%bd%d0%b4%d1%8b\\\/floracurl-ru\\\/\"},{\"@type\":\"ListItem\",\"position\":5,\"name\":\"Flora &#038; Curl Baobab &#038; Marula Restorative Bonding Mask \u2013 \u0412\u043e\u0441\u0441\u0442\u0430\u043d\u0430\u0432\u043b\u0438\u0432\u0430\u044e\u0449\u0430\u044f bonding-\u043c\u0430\u0441\u043a\u0430 300ml\"}]},{\"@type\":\"WebSite\",\"@id\":\"https:\\\/\\\/lokitar.ee\\\/ru\\\/#website\",\"url\":\"https:\\\/\\\/lokitar.ee\\\/ru\\\/\",\"name\":\"Lokitar\",\"description\":\"Armasta enda juukseid\",\"publisher\":{\"@id\":\"https:\\\/\\\/lokitar.ee\\\/ru\\\/#organization\"},\"potentialAction\":[{\"@type\":\"SearchAction\",\"target\":{\"@type\":\"EntryPoint\",\"urlTemplate\":\"https:\\\/\\\/lokitar.ee\\\/ru\\\/?s={search_term_string}\"},\"query-input\":{\"@type\":\"PropertyValueSpecification\",\"valueRequired\":true,\"valueName\":\"search_term_string\"}}],\"inLanguage\":\"ru-RU\"},{\"@type\":\"Organization\",\"@id\":\"https:\\\/\\\/lokitar.ee\\\/ru\\\/#organization\",\"name\":\"Lokitar\",\"url\":\"https:\\\/\\\/lokitar.ee\\\/ru\\\/\",\"logo\":{\"@type\":\"ImageObject\",\"inLanguage\":\"ru-RU\",\"@id\":\"https:\\\/\\\/lokitar.ee\\\/ru\\\/#\\\/schema\\\/logo\\\/image\\\/\",\"url\":\"https:\\\/\\\/i0.wp.com\\\/lokitar.ee\\\/wp-content\\\/uploads\\\/2021\\\/09\\\/LokitarLogo350.png?fit=350%2C159&ssl=1\",\"contentUrl\":\"https:\\\/\\\/i0.wp.com\\\/lokitar.ee\\\/wp-content\\\/uploads\\\/2021\\\/09\\\/LokitarLogo350.png?fit=350%2C159&ssl=1\",\"width\":350,\"height\":159,\"caption\":\"Lokitar\"},\"image\":{\"@id\":\"https:\\\/\\\/lokitar.ee\\\/ru\\\/#\\\/schema\\\/logo\\\/image\\\/\"},\"sameAs\":[\"https:\\\/\\\/www.facebook.com\\\/lokitar.ee\\\/\",\"https:\\\/\\\/www.instagram.com\\\/lokitar.ee\\\/\",\"https:\\\/\\\/www.youtube.com\\\/channel\\\/UCNPGxykKCPoqFQkzd33k5MQ\"]}]}<\/script>\n<!-- \/ Yoast SEO plugin. -->","yoast_head_json":{"title":"Flora & Curl Baobab & Marula bond-building mask \u2013 4\u00d7 tugevamad juuksed","description":"Kliiniliselt t\u00f5estatud taastav mask, mis muudab juuksed kuni 4\u00d7 tugevamaks. Taastab juuksekiudu, v\u00e4hendab murdumist ja lisab elastsust. S\u00fcvahooldus lokkidele.","robots":{"index":"index","follow":"follow","max-snippet":"max-snippet:-1","max-image-preview":"max-image-preview:large","max-video-preview":"max-video-preview:-1"},"canonical":"https:\/\/lokitar.ee\/ru\/product\/flora-curl-baobab-marula-restorative-bonding-mask-tugevdav-taastav-mask-300ml\/","og_locale":"ru_RU","og_type":"article","og_title":"Flora & Curl Baobab & Marula bond-building mask \u2013 4\u00d7 tugevamad juuksed","og_description":"Kliiniliselt t\u00f5estatud taastav mask, mis muudab juuksed kuni 4\u00d7 tugevamaks. Taastab juuksekiudu, v\u00e4hendab murdumist ja lisab elastsust. S\u00fcvahooldus lokkidele.","og_url":"https:\/\/lokitar.ee\/ru\/product\/flora-curl-baobab-marula-restorative-bonding-mask-tugevdav-taastav-mask-300ml\/","og_site_name":"Lokitar","article_publisher":"https:\/\/www.facebook.com\/lokitar.ee\/","article_modified_time":"2025-11-13T12:47:49+00:00","og_image":[{"width":2560,"height":2560,"url":"https:\/\/i0.wp.com\/lokitar.ee\/wp-content\/uploads\/2025\/11\/Floraandcurl-Sept25-7-scaled.png?fit=2560%2C2560&ssl=1","type":"image\/png"}],"schema":{"@context":"https:\/\/schema.org","@graph":[{"@type":"WebPage","@id":"https:\/\/lokitar.ee\/ru\/product\/flora-curl-baobab-marula-restorative-bonding-mask-tugevdav-taastav-mask-300ml\/","url":"https:\/\/lokitar.ee\/ru\/product\/flora-curl-baobab-marula-restorative-bonding-mask-tugevdav-taastav-mask-300ml\/","name":"Flora & Curl Baobab & Marula bond-building mask \u2013 4\u00d7 tugevamad juuksed","isPartOf":{"@id":"https:\/\/lokitar.ee\/ru\/#website"},"primaryImageOfPage":{"@id":"https:\/\/lokitar.ee\/ru\/product\/flora-curl-baobab-marula-restorative-bonding-mask-tugevdav-taastav-mask-300ml\/#primaryimage"},"image":{"@id":"https:\/\/lokitar.ee\/ru\/product\/flora-curl-baobab-marula-restorative-bonding-mask-tugevdav-taastav-mask-300ml\/#primaryimage"},"thumbnailUrl":"https:\/\/i0.wp.com\/lokitar.ee\/wp-content\/uploads\/2025\/11\/Floraandcurl-Sept25-7-scaled.png?fit=2560%2C2560&ssl=1","datePublished":"2025-11-13T09:12:57+00:00","dateModified":"2025-11-13T12:47:49+00:00","description":"Kliiniliselt t\u00f5estatud taastav mask, mis muudab juuksed kuni 4\u00d7 tugevamaks. Taastab juuksekiudu, v\u00e4hendab murdumist ja lisab elastsust. S\u00fcvahooldus lokkidele.","breadcrumb":{"@id":"https:\/\/lokitar.ee\/ru\/product\/flora-curl-baobab-marula-restorative-bonding-mask-tugevdav-taastav-mask-300ml\/#breadcrumb"},"inLanguage":"ru-RU","potentialAction":[{"@type":"ReadAction","target":["https:\/\/lokitar.ee\/ru\/product\/flora-curl-baobab-marula-restorative-bonding-mask-tugevdav-taastav-mask-300ml\/"]}]},{"@type":"ImageObject","inLanguage":"ru-RU","@id":"https:\/\/lokitar.ee\/ru\/product\/flora-curl-baobab-marula-restorative-bonding-mask-tugevdav-taastav-mask-300ml\/#primaryimage","url":"https:\/\/i0.wp.com\/lokitar.ee\/wp-content\/uploads\/2025\/11\/Floraandcurl-Sept25-7-scaled.png?fit=2560%2C2560&ssl=1","contentUrl":"https:\/\/i0.wp.com\/lokitar.ee\/wp-content\/uploads\/2025\/11\/Floraandcurl-Sept25-7-scaled.png?fit=2560%2C2560&ssl=1","width":2560,"height":2560},{"@type":"BreadcrumbList","@id":"https:\/\/lokitar.ee\/ru\/product\/flora-curl-baobab-marula-restorative-bonding-mask-tugevdav-taastav-mask-300ml\/#breadcrumb","itemListElement":[{"@type":"ListItem","position":1,"name":"\u0413\u043b\u0430\u0432\u043d\u0430\u044f","item":"https:\/\/lokitar.ee\/ru\/"},{"@type":"ListItem","position":2,"name":"\u041c\u0430\u0433\u0430\u0437\u0438\u043d","item":"https:\/\/lokitar.ee\/ru\/%d0%bc%d0%b0%d0%b3%d0%b0%d0%b7%d0%b8%d0%bd\/"},{"@type":"ListItem","position":3,"name":"\u0411\u0420\u0415\u041d\u0414\u042b","item":"https:\/\/lokitar.ee\/ru\/tootekategooria\/%d0%b1%d1%80%d0%b5%d0%bd%d0%b4%d1%8b\/"},{"@type":"ListItem","position":4,"name":"Flora&amp;Curl","item":"https:\/\/lokitar.ee\/ru\/tootekategooria\/%d0%b1%d1%80%d0%b5%d0%bd%d0%b4%d1%8b\/floracurl-ru\/"},{"@type":"ListItem","position":5,"name":"Flora &#038; Curl Baobab &#038; Marula Restorative Bonding Mask \u2013 \u0412\u043e\u0441\u0441\u0442\u0430\u043d\u0430\u0432\u043b\u0438\u0432\u0430\u044e\u0449\u0430\u044f bonding-\u043c\u0430\u0441\u043a\u0430 300ml"}]},{"@type":"WebSite","@id":"https:\/\/lokitar.ee\/ru\/#website","url":"https:\/\/lokitar.ee\/ru\/","name":"Lokitar","description":"Armasta enda juukseid","publisher":{"@id":"https:\/\/lokitar.ee\/ru\/#organization"},"potentialAction":[{"@type":"SearchAction","target":{"@type":"EntryPoint","urlTemplate":"https:\/\/lokitar.ee\/ru\/?s={search_term_string}"},"query-input":{"@type":"PropertyValueSpecification","valueRequired":true,"valueName":"search_term_string"}}],"inLanguage":"ru-RU"},{"@type":"Organization","@id":"https:\/\/lokitar.ee\/ru\/#organization","name":"Lokitar","url":"https:\/\/lokitar.ee\/ru\/","logo":{"@type":"ImageObject","inLanguage":"ru-RU","@id":"https:\/\/lokitar.ee\/ru\/#\/schema\/logo\/image\/","url":"https:\/\/i0.wp.com\/lokitar.ee\/wp-content\/uploads\/2021\/09\/LokitarLogo350.png?fit=350%2C159&ssl=1","contentUrl":"https:\/\/i0.wp.com\/lokitar.ee\/wp-content\/uploads\/2021\/09\/LokitarLogo350.png?fit=350%2C159&ssl=1","width":350,"height":159,"caption":"Lokitar"},"image":{"@id":"https:\/\/lokitar.ee\/ru\/#\/schema\/logo\/image\/"},"sameAs":["https:\/\/www.facebook.com\/lokitar.ee\/","https:\/\/www.instagram.com\/lokitar.ee\/","https:\/\/www.youtube.com\/channel\/UCNPGxykKCPoqFQkzd33k5MQ"]}]}},"jetpack_sharing_enabled":true,"_links":{"self":[{"href":"https:\/\/lokitar.ee\/ru\/wp-json\/wp\/v2\/product\/31086","targetHints":{"allow":["GET"]}}],"collection":[{"href":"https:\/\/lokitar.ee\/ru\/wp-json\/wp\/v2\/product"}],"about":[{"href":"https:\/\/lokitar.ee\/ru\/wp-json\/wp\/v2\/types\/product"}],"author":[{"embeddable":true,"href":"https:\/\/lokitar.ee\/ru\/wp-json\/wp\/v2\/users\/2"}],"replies":[{"embeddable":true,"href":"https:\/\/lokitar.ee\/ru\/wp-json\/wp\/v2\/comments?post=31086"}],"wp:featuredmedia":[{"embeddable":true,"href":"https:\/\/lokitar.ee\/ru\/wp-json\/wp\/v2\/media\/31009"}],"wp:attachment":[{"href":"https:\/\/lokitar.ee\/ru\/wp-json\/wp\/v2\/media?parent=31086"}],"wp:term":[{"taxonomy":"product_brand","embeddable":true,"href":"https:\/\/lokitar.ee\/ru\/wp-json\/wp\/v2\/product_brand?post=31086"},{"taxonomy":"product_cat","embeddable":true,"href":"https:\/\/lokitar.ee\/ru\/wp-json\/wp\/v2\/product_cat?post=31086"},{"taxonomy":"product_tag","embeddable":true,"href":"https:\/\/lokitar.ee\/ru\/wp-json\/wp\/v2\/product_tag?post=31086"}],"curies":[{"name":"wp","href":"https:\/\/api.w.org\/{rel}","templated":true}]}}